{"id":8997,"date":"2021-10-13T14:11:48","date_gmt":"2021-10-13T18:11:48","guid":{"rendered":"https:\/\/www.legolfclub.com\/newsletter-subscription\/"},"modified":"2021-10-21T12:52:21","modified_gmt":"2021-10-21T16:52:21","slug":"newsletter-subscription","status":"publish","type":"page","link":"https:\/\/www.legolfclub.com\/en\/newsletter-subscription\/","title":{"rendered":"Newsletter Subscription"},"content":{"rendered":"<p>[et_pb_section fb_built=&#8221;1&#8243; admin_label=&#8221;Title Section&#8221; _builder_version=&#8221;4.10.5&#8243; _module_preset=&#8221;default&#8221; background_color=&#8221;RGBA(0,0,0,0)&#8221; background_image=&#8221;https:\/\/www.legolfclub.com\/wp-content\/uploads\/2021\/08\/le-golf-club-joueur-et-ecran.jpg&#8221; custom_padding=&#8221;0px||0px||false|false&#8221; global_colors_info=&#8221;{}&#8221;][et_pb_row column_structure=&#8221;2_3,1_3&#8243; _builder_version=&#8221;4.10.4&#8243; _module_preset=&#8221;default&#8221; background_color=&#8221;rgba(0,0,0,0.6)&#8221; background_image=&#8221;https:\/\/www.legolfclub.com\/wp-content\/uploads\/2021\/08\/page-header-golf-ball-pattern-1.png&#8221; background_size=&#8221;initial&#8221; background_position=&#8221;bottom_right&#8221; width=&#8221;100%&#8221; max_width=&#8221;100%&#8221; module_alignment=&#8221;center&#8221; custom_padding=&#8221;90px|5%|90px|5%|false|false&#8221; global_colors_info=&#8221;{}&#8221;][et_pb_column type=&#8221;2_3&#8243; _builder_version=&#8221;4.10.3&#8243; _module_preset=&#8221;default&#8221; global_colors_info=&#8221;{}&#8221;][et_pb_post_title meta=&#8221;off&#8221; featured_image=&#8221;off&#8221; text_color=&#8221;light&#8221; _builder_version=&#8221;4.10.3&#8243; _module_preset=&#8221;default&#8221; global_colors_info=&#8221;{}&#8221;][\/et_pb_post_title][\/et_pb_column][et_pb_column type=&#8221;1_3&#8243; _builder_version=&#8221;4.10.3&#8243; _module_preset=&#8221;default&#8221; global_colors_info=&#8221;{}&#8221;][\/et_pb_column][\/et_pb_row][\/et_pb_section][et_pb_section fb_built=&#8221;1&#8243; _builder_version=&#8221;4.10.5&#8243; _module_preset=&#8221;default&#8221; background_image=&#8221;https:\/\/www.legolfclub.com\/wp-content\/uploads\/2021\/08\/global-bg-pattern-light-1.png&#8221; background_size=&#8221;initial&#8221; background_position=&#8221;top_right&#8221; global_colors_info=&#8221;{}&#8221;][et_pb_row _builder_version=&#8221;4.10.5&#8243; _module_preset=&#8221;default&#8221; global_colors_info=&#8221;{}&#8221;][et_pb_column type=&#8221;4_4&#8243; _builder_version=&#8221;4.10.5&#8243; _module_preset=&#8221;default&#8221; global_colors_info=&#8221;{}&#8221;][et_pb_text admin_label=&#8221;INSCRIVEZ-VOUS \u00c0 NOTRE INFOLETTRE&#8221; _builder_version=&#8221;4.11.3&#8243; _module_preset=&#8221;default&#8221; hover_enabled=&#8221;0&#8243; global_colors_info=&#8221;{}&#8221; sticky_enabled=&#8221;0&#8243;]<\/p>\n<h1>DON&#8217;T MISS ANY OF OUR PROMOTIONS AND EVENTS TO COME<\/h><\/p>\n<h1>SUBSCRIBE TO OUR NEWSLETTER<\/h1>\n<p>[\/et_pb_text][et_pb_code _builder_version=&#8221;4.11.2&#8243; _module_preset=&#8221;default&#8221; global_colors_info=&#8221;{}&#8221;]<!-- Begin Mailchimp Signup Form --><!-- [et_pb_line_break_holder] --><link href=\"\/\/cdn-images.mailchimp.com\/embedcode\/classic-10_7.css\" rel=\"stylesheet\" type=\"text\/css\"><!-- [et_pb_line_break_holder] --><\/p>\n<style type=\"text\/css\"><!-- [et_pb_line_break_holder] -->\t#mc_embed_signup{background:#fff; clear:left; font:14px Helvetica,Arial,sans-serif; }<!-- [et_pb_line_break_holder] -->\t\/* Add your own Mailchimp form style overrides in your site stylesheet or in this style block.<!-- [et_pb_line_break_holder] -->\t   We recommend moving this block and the preceding CSS link to the HEAD of your HTML file. *\/<!-- [et_pb_line_break_holder] --><\/style>\n<p><!-- [et_pb_line_break_holder] --><\/p>\n<div id=\"mc_embed_signup\"><!-- [et_pb_line_break_holder] --><\/p>\n<form action=\"https:\/\/legolfclub.us7.list-manage.com\/subscribe\/post?u=a73b9be42ca99018b68bad661&amp;id=9868f165f7\" method=\"post\" id=\"mc-embedded-subscribe-form\" name=\"mc-embedded-subscribe-form\" class=\"validate\" target=\"_blank\" novalidate><!-- [et_pb_line_break_holder] -->    <\/p>\n<div id=\"mc_embed_signup_scroll\"><!-- [et_pb_line_break_holder] -->\t<!-- [et_pb_line_break_holder] --><\/p>\n<div class=\"indicates-required\"><span class=\"asterisk\">*<\/span> indicates required<\/div>\n<p><!-- [et_pb_line_break_holder] --><\/p>\n<div class=\"mc-field-group\"><!-- [et_pb_line_break_holder] -->\t<label for=\"mce-EMAIL\">Email Address  <span class=\"asterisk\">*<\/span><!-- [et_pb_line_break_holder] --><\/label><!-- [et_pb_line_break_holder] -->\t<input type=\"email\" value=\"\" name=\"EMAIL\" class=\"required email\" id=\"mce-EMAIL\"><!-- [et_pb_line_break_holder] --><\/div>\n<p><!-- [et_pb_line_break_holder] --><\/p>\n<div class=\"mc-field-group\"><!-- [et_pb_line_break_holder] -->\t<label for=\"mce-FNAME\">First Name <\/label><!-- [et_pb_line_break_holder] -->\t<input type=\"text\" value=\"\" name=\"FNAME\" class=\"\" id=\"mce-FNAME\"><!-- [et_pb_line_break_holder] --><\/div>\n<p><!-- [et_pb_line_break_holder] --><\/p>\n<div class=\"mc-field-group\"><!-- [et_pb_line_break_holder] -->\t<label for=\"mce-LNAME\">Last Name <\/label><!-- [et_pb_line_break_holder] -->\t<input type=\"text\" value=\"\" name=\"LNAME\" class=\"\" id=\"mce-LNAME\"><!-- [et_pb_line_break_holder] --><\/div>\n<p><!-- [et_pb_line_break_holder] --><\/p>\n<div class=\"mc-field-group input-group\"><!-- [et_pb_line_break_holder] -->    <strong>Francais \/ English <\/strong><!-- [et_pb_line_break_holder] -->    <\/p>\n<ul>\n<li><input type=\"radio\" value=\"1\" name=\"group[15865]\" id=\"mce-group[15865]-15865-0\"><label for=\"mce-group[15865]-15865-0\">Francais<\/label><\/li>\n<p><!-- [et_pb_line_break_holder] --><\/p>\n<li><input type=\"radio\" value=\"2\" name=\"group[15865]\" id=\"mce-group[15865]-15865-1\"><label for=\"mce-group[15865]-15865-1\">English<\/label><\/li>\n<p><!-- [et_pb_line_break_holder] --><\/ul>\n<p><!-- [et_pb_line_break_holder] --><\/div>\n<p><!-- [et_pb_line_break_holder] -->\t<\/p>\n<div id=\"mce-responses\" class=\"clear\"><!-- [et_pb_line_break_holder] -->\t\t<\/p>\n<div class=\"response\" id=\"mce-error-response\" style=\"display:none\"><\/div>\n<p><!-- [et_pb_line_break_holder] -->\t\t<\/p>\n<div class=\"response\" id=\"mce-success-response\" style=\"display:none\"><\/div>\n<p><!-- [et_pb_line_break_holder] -->\t<\/div>\n<p>    <!-- real people should not fill this in and expect good things - do not remove this or risk form bot signups--><!-- [et_pb_line_break_holder] -->    <\/p>\n<div style=\"position: absolute; left: -5000px;\" aria-hidden=\"true\"><input type=\"text\" name=\"b_a73b9be42ca99018b68bad661_9868f165f7\" tabindex=\"-1\" value=\"\"><\/div>\n<p><!-- [et_pb_line_break_holder] -->    <\/p>\n<div class=\"clear\"><input type=\"submit\" value=\"Subscribe\" name=\"subscribe\" id=\"mc-embedded-subscribe\" class=\"button\"><\/div>\n<p><!-- [et_pb_line_break_holder] -->    <\/div>\n<p><!-- [et_pb_line_break_holder] --><\/form>\n<p><!-- [et_pb_line_break_holder] --><\/div>\n<p><!-- [et_pb_line_break_holder] --><script type='text\/javascript' src='\/\/s3.amazonaws.com\/downloads.mailchimp.com\/js\/mc-validate.js'><\/script><script type='text\/javascript'>(function($) {window.fnames = new Array(); window.ftypes = new Array();fnames[0]='EMAIL';ftypes[0]='email';fnames[1]='FNAME';ftypes[1]='text';fnames[2]='LNAME';ftypes[2]='text'; \/*<!-- [et_pb_line_break_holder] --> * Translated default messages for the $ validation plugin.<!-- [et_pb_line_break_holder] --> * Locale: FR<!-- [et_pb_line_break_holder] --> *\/<!-- [et_pb_line_break_holder] -->$.extend($.validator.messages, {<!-- [et_pb_line_break_holder] -->        required: \"Ce champ est requis.\",<!-- [et_pb_line_break_holder] -->        remote: \"Veuillez remplir ce champ pour continuer.\",<!-- [et_pb_line_break_holder] -->        email: \"Veuillez entrer une adresse email valide.\",<!-- [et_pb_line_break_holder] -->        url: \"Veuillez entrer une URL valide.\",<!-- [et_pb_line_break_holder] -->        date: \"Veuillez entrer une date valide.\",<!-- [et_pb_line_break_holder] -->        dateISO: \"Veuillez entrer une date valide (ISO).\",<!-- [et_pb_line_break_holder] -->        number: \"Veuillez entrer un nombre valide.\",<!-- [et_pb_line_break_holder] -->        digits: \"Veuillez entrer (seulement) une valeur num\u00e9rique.\",<!-- [et_pb_line_break_holder] -->        creditcard: \"Veuillez entrer un num\u00e9ro de carte de cr\u00e9dit valide.\",<!-- [et_pb_line_break_holder] -->        equalTo: \"Veuillez entrer une nouvelle fois la m\u00eame valeur.\",<!-- [et_pb_line_break_holder] -->        accept: \"Veuillez entrer une valeur avec une extension valide.\",<!-- [et_pb_line_break_holder] -->        maxlength: $.validator.format(\"Veuillez ne pas entrer plus de {0} caract\u00e8res.\"),<!-- [et_pb_line_break_holder] -->        minlength: $.validator.format(\"Veuillez entrer au moins {0} caract\u00e8res.\"),<!-- [et_pb_line_break_holder] -->        rangelength: $.validator.format(\"Veuillez entrer entre {0} et {1} caract\u00e8res.\"),<!-- [et_pb_line_break_holder] -->        range: $.validator.format(\"Veuillez entrer une valeur entre {0} et {1}.\"),<!-- [et_pb_line_break_holder] -->        max: $.validator.format(\"Veuillez entrer une valeur inf\u00e9rieure ou \u00e9gale \u00e0 {0}.\"),<!-- [et_pb_line_break_holder] -->        min: $.validator.format(\"Veuillez entrer une valeur sup\u00e9rieure ou \u00e9gale \u00e0 {0}.\")<!-- [et_pb_line_break_holder] -->});}(jQuery));var $mcj = jQuery.noConflict(true);<\/script><!-- [et_pb_line_break_holder] --><!--End mc_embed_signup-->[\/et_pb_code][\/et_pb_column][\/et_pb_row][\/et_pb_section]<\/p>\n","protected":false},"excerpt":{"rendered":"<p>DON&#8217;T MISS ANY OF OUR PROMOTIONS AND EVENTS TO COME SUBSCRIBE TO OUR NEWSLETTER<\/p>\n","protected":false},"author":4,"featured_media":0,"parent":0,"menu_order":70,"comment_status":"closed","ping_status":"closed","template":"","meta":{"_et_pb_use_builder":"on","_et_pb_old_content":"","_et_gb_content_width":"","footnotes":""},"class_list":["post-8997","page","type-page","status-publish","hentry"],"yoast_head":"<!-- This site is optimized with the Yoast SEO plugin v27.5 - https:\/\/yoast.com\/product\/yoast-seo-wordpress\/ -->\n<title>Newsletter Subscription - Le Golf Club<\/title>\n<meta name=\"robots\" content=\"index, follow, max-snippet:-1, max-image-preview:large, max-video-preview:-1\" \/>\n<link rel=\"canonical\" href=\"https:\/\/www.legolfclub.com\/en\/newsletter-subscription\/\" \/>\n<meta property=\"og:locale\" content=\"en_US\" \/>\n<meta property=\"og:type\" content=\"article\" \/>\n<meta property=\"og:title\" content=\"Newsletter Subscription - Le Golf Club\" \/>\n<meta property=\"og:description\" content=\"DON&#039;T MISS ANY OF OUR PROMOTIONS AND EVENTS TO COME SUBSCRIBE TO OUR NEWSLETTER\" \/>\n<meta property=\"og:url\" content=\"https:\/\/www.legolfclub.com\/en\/newsletter-subscription\/\" \/>\n<meta property=\"og:site_name\" content=\"Le Golf Club\" \/>\n<meta property=\"article:publisher\" content=\"https:\/\/www.facebook.com\/legolfclub\/\" \/>\n<meta property=\"article:modified_time\" content=\"2021-10-21T16:52:21+00:00\" \/>\n<meta property=\"og:image\" content=\"https:\/\/www.legolfclub.com\/wp-content\/uploads\/2013\/10\/golfin-dorion-og-logo.jpg\" \/>\n\t<meta property=\"og:image:width\" content=\"300\" \/>\n\t<meta property=\"og:image:height\" content=\"300\" \/>\n\t<meta property=\"og:image:type\" content=\"image\/jpeg\" \/>\n<meta name=\"twitter:label1\" content=\"Est. reading time\" \/>\n\t<meta name=\"twitter:data1\" content=\"1 minute\" \/>\n<script type=\"application\/ld+json\" class=\"yoast-schema-graph\">{\"@context\":\"https:\\\/\\\/schema.org\",\"@graph\":[{\"@type\":\"WebPage\",\"@id\":\"https:\\\/\\\/www.legolfclub.com\\\/en\\\/newsletter-subscription\\\/\",\"url\":\"https:\\\/\\\/www.legolfclub.com\\\/en\\\/newsletter-subscription\\\/\",\"name\":\"Newsletter Subscription - Le Golf Club\",\"isPartOf\":{\"@id\":\"https:\\\/\\\/www.legolfclub.com\\\/en\\\/#website\"},\"datePublished\":\"2021-10-13T18:11:48+00:00\",\"dateModified\":\"2021-10-21T16:52:21+00:00\",\"breadcrumb\":{\"@id\":\"https:\\\/\\\/www.legolfclub.com\\\/en\\\/newsletter-subscription\\\/#breadcrumb\"},\"inLanguage\":\"en-US\",\"potentialAction\":[{\"@type\":\"ReadAction\",\"target\":[\"https:\\\/\\\/www.legolfclub.com\\\/en\\\/newsletter-subscription\\\/\"]}]},{\"@type\":\"BreadcrumbList\",\"@id\":\"https:\\\/\\\/www.legolfclub.com\\\/en\\\/newsletter-subscription\\\/#breadcrumb\",\"itemListElement\":[{\"@type\":\"ListItem\",\"position\":1,\"name\":\"Home\",\"item\":\"https:\\\/\\\/www.legolfclub.com\\\/en\\\/\"},{\"@type\":\"ListItem\",\"position\":2,\"name\":\"Newsletter Subscription\"}]},{\"@type\":\"WebSite\",\"@id\":\"https:\\\/\\\/www.legolfclub.com\\\/en\\\/#website\",\"url\":\"https:\\\/\\\/www.legolfclub.com\\\/en\\\/\",\"name\":\"Le Golf Club\",\"description\":\"Golf int\u00e9rieur sur simulateur\",\"publisher\":{\"@id\":\"https:\\\/\\\/www.legolfclub.com\\\/en\\\/#organization\"},\"potentialAction\":[{\"@type\":\"SearchAction\",\"target\":{\"@type\":\"EntryPoint\",\"urlTemplate\":\"https:\\\/\\\/www.legolfclub.com\\\/en\\\/?s={search_term_string}\"},\"query-input\":{\"@type\":\"PropertyValueSpecification\",\"valueRequired\":true,\"valueName\":\"search_term_string\"}}],\"inLanguage\":\"en-US\"},{\"@type\":\"Organization\",\"@id\":\"https:\\\/\\\/www.legolfclub.com\\\/en\\\/#organization\",\"name\":\"Le Golf Club\",\"url\":\"https:\\\/\\\/www.legolfclub.com\\\/en\\\/\",\"logo\":{\"@type\":\"ImageObject\",\"inLanguage\":\"en-US\",\"@id\":\"https:\\\/\\\/www.legolfclub.com\\\/en\\\/#\\\/schema\\\/logo\\\/image\\\/\",\"url\":\"https:\\\/\\\/www.legolfclub.com\\\/wp-content\\\/uploads\\\/2021\\\/01\\\/logo-retina.png\",\"contentUrl\":\"https:\\\/\\\/www.legolfclub.com\\\/wp-content\\\/uploads\\\/2021\\\/01\\\/logo-retina.png\",\"width\":340,\"height\":43,\"caption\":\"Le Golf Club\"},\"image\":{\"@id\":\"https:\\\/\\\/www.legolfclub.com\\\/en\\\/#\\\/schema\\\/logo\\\/image\\\/\"},\"sameAs\":[\"https:\\\/\\\/www.facebook.com\\\/legolfclub\\\/\",\"https:\\\/\\\/www.instagram.com\\\/legolfclub1\\\/?hl=en\",\"https:\\\/\\\/www.youtube.com\\\/user\\\/MDLevac\"]}]}<\/script>\n<!-- \/ Yoast SEO plugin. -->","yoast_head_json":{"title":"Newsletter Subscription - Le Golf Club","robots":{"index":"index","follow":"follow","max-snippet":"max-snippet:-1","max-image-preview":"max-image-preview:large","max-video-preview":"max-video-preview:-1"},"canonical":"https:\/\/www.legolfclub.com\/en\/newsletter-subscription\/","og_locale":"en_US","og_type":"article","og_title":"Newsletter Subscription - Le Golf Club","og_description":"DON'T MISS ANY OF OUR PROMOTIONS AND EVENTS TO COME SUBSCRIBE TO OUR NEWSLETTER","og_url":"https:\/\/www.legolfclub.com\/en\/newsletter-subscription\/","og_site_name":"Le Golf Club","article_publisher":"https:\/\/www.facebook.com\/legolfclub\/","article_modified_time":"2021-10-21T16:52:21+00:00","og_image":[{"width":300,"height":300,"url":"https:\/\/www.legolfclub.com\/wp-content\/uploads\/2013\/10\/golfin-dorion-og-logo.jpg","type":"image\/jpeg"}],"twitter_misc":{"Est. reading time":"1 minute"},"schema":{"@context":"https:\/\/schema.org","@graph":[{"@type":"WebPage","@id":"https:\/\/www.legolfclub.com\/en\/newsletter-subscription\/","url":"https:\/\/www.legolfclub.com\/en\/newsletter-subscription\/","name":"Newsletter Subscription - Le Golf Club","isPartOf":{"@id":"https:\/\/www.legolfclub.com\/en\/#website"},"datePublished":"2021-10-13T18:11:48+00:00","dateModified":"2021-10-21T16:52:21+00:00","breadcrumb":{"@id":"https:\/\/www.legolfclub.com\/en\/newsletter-subscription\/#breadcrumb"},"inLanguage":"en-US","potentialAction":[{"@type":"ReadAction","target":["https:\/\/www.legolfclub.com\/en\/newsletter-subscription\/"]}]},{"@type":"BreadcrumbList","@id":"https:\/\/www.legolfclub.com\/en\/newsletter-subscription\/#breadcrumb","itemListElement":[{"@type":"ListItem","position":1,"name":"Home","item":"https:\/\/www.legolfclub.com\/en\/"},{"@type":"ListItem","position":2,"name":"Newsletter Subscription"}]},{"@type":"WebSite","@id":"https:\/\/www.legolfclub.com\/en\/#website","url":"https:\/\/www.legolfclub.com\/en\/","name":"Le Golf Club","description":"Golf int\u00e9rieur sur simulateur","publisher":{"@id":"https:\/\/www.legolfclub.com\/en\/#organization"},"potentialAction":[{"@type":"SearchAction","target":{"@type":"EntryPoint","urlTemplate":"https:\/\/www.legolfclub.com\/en\/?s={search_term_string}"},"query-input":{"@type":"PropertyValueSpecification","valueRequired":true,"valueName":"search_term_string"}}],"inLanguage":"en-US"},{"@type":"Organization","@id":"https:\/\/www.legolfclub.com\/en\/#organization","name":"Le Golf Club","url":"https:\/\/www.legolfclub.com\/en\/","logo":{"@type":"ImageObject","inLanguage":"en-US","@id":"https:\/\/www.legolfclub.com\/en\/#\/schema\/logo\/image\/","url":"https:\/\/www.legolfclub.com\/wp-content\/uploads\/2021\/01\/logo-retina.png","contentUrl":"https:\/\/www.legolfclub.com\/wp-content\/uploads\/2021\/01\/logo-retina.png","width":340,"height":43,"caption":"Le Golf Club"},"image":{"@id":"https:\/\/www.legolfclub.com\/en\/#\/schema\/logo\/image\/"},"sameAs":["https:\/\/www.facebook.com\/legolfclub\/","https:\/\/www.instagram.com\/legolfclub1\/?hl=en","https:\/\/www.youtube.com\/user\/MDLevac"]}]}},"_links":{"self":[{"href":"https:\/\/www.legolfclub.com\/en\/wp-json\/wp\/v2\/pages\/8997","targetHints":{"allow":["GET"]}}],"collection":[{"href":"https:\/\/www.legolfclub.com\/en\/wp-json\/wp\/v2\/pages"}],"about":[{"href":"https:\/\/www.legolfclub.com\/en\/wp-json\/wp\/v2\/types\/page"}],"author":[{"embeddable":true,"href":"https:\/\/www.legolfclub.com\/en\/wp-json\/wp\/v2\/users\/4"}],"replies":[{"embeddable":true,"href":"https:\/\/www.legolfclub.com\/en\/wp-json\/wp\/v2\/comments?post=8997"}],"version-history":[{"count":5,"href":"https:\/\/www.legolfclub.com\/en\/wp-json\/wp\/v2\/pages\/8997\/revisions"}],"predecessor-version":[{"id":9124,"href":"https:\/\/www.legolfclub.com\/en\/wp-json\/wp\/v2\/pages\/8997\/revisions\/9124"}],"wp:attachment":[{"href":"https:\/\/www.legolfclub.com\/en\/wp-json\/wp\/v2\/media?parent=8997"}],"curies":[{"name":"wp","href":"https:\/\/api.w.org\/{rel}","templated":true}]}}