{"id":8366,"date":"2021-09-07T12:12:47","date_gmt":"2021-09-07T16:12:47","guid":{"rendered":"http:\/\/legolfclulb.acxcomdev.com\/covid-19\/"},"modified":"2022-08-24T10:01:24","modified_gmt":"2022-08-24T14:01:24","slug":"covid-19","status":"publish","type":"page","link":"https:\/\/www.legolfclub.com\/en\/covid-19\/","title":{"rendered":"Covid 19"},"content":{"rendered":"<p>[et_pb_section fb_built=&#8221;1&#8243; admin_label=&#8221;Title Section&#8221; _builder_version=&#8221;4.16&#8243; _module_preset=&#8221;default&#8221; background_color=&#8221;RGBA(0,0,0,0)&#8221; background_image=&#8221;https:\/\/www.legolfclub.com\/wp-content\/uploads\/2021\/08\/banniere-histoire.jpg&#8221; custom_padding=&#8221;0px||0px||false|false&#8221; global_colors_info=&#8221;{}&#8221;][et_pb_row column_structure=&#8221;2_3,1_3&#8243; _builder_version=&#8221;4.16&#8243; _module_preset=&#8221;default&#8221; background_color=&#8221;rgba(0,0,0,0.6)&#8221; background_image=&#8221;https:\/\/www.legolfclub.com\/wp-content\/uploads\/2021\/08\/page-header-golf-ball-pattern-1.png&#8221; background_size=&#8221;initial&#8221; background_position=&#8221;bottom_right&#8221; width=&#8221;100%&#8221; max_width=&#8221;100%&#8221; module_alignment=&#8221;center&#8221; custom_padding=&#8221;90px|5%|90px|5%|false|false&#8221; global_colors_info=&#8221;{}&#8221;][et_pb_column type=&#8221;2_3&#8243; _builder_version=&#8221;4.16&#8243; _module_preset=&#8221;default&#8221; global_colors_info=&#8221;{}&#8221;][et_pb_post_title meta=&#8221;off&#8221; featured_image=&#8221;off&#8221; text_color=&#8221;light&#8221; _builder_version=&#8221;4.10.3&#8243; _module_preset=&#8221;default&#8221; global_colors_info=&#8221;{}&#8221;][\/et_pb_post_title][\/et_pb_column][et_pb_column type=&#8221;1_3&#8243; _builder_version=&#8221;4.16&#8243; _module_preset=&#8221;default&#8221; global_colors_info=&#8221;{}&#8221;][et_pb_button button_url=&#8221;@ET-DC@eyJkeW5hbWljIjp0cnVlLCJjb250ZW50IjoicG9zdF9saW5rX3VybF9wYWdlIiwic2V0dGluZ3MiOnsicG9zdF9pZCI6IjY4OCJ9fQ==@&#8221; button_text=&#8221;BOOK YOUR TRACKMAN&#8221; button_alignment=&#8221;right&#8221; button_alignment_tablet=&#8221;&#8221; button_alignment_phone=&#8221;center&#8221; button_alignment_last_edited=&#8221;on|phone&#8221; _builder_version=&#8221;4.16&#8243; _dynamic_attributes=&#8221;button_url&#8221; _module_preset=&#8221;default&#8221; global_colors_info=&#8221;{}&#8221;][\/et_pb_button][\/et_pb_column][\/et_pb_row][\/et_pb_section][et_pb_section fb_built=&#8221;1&#8243; _builder_version=&#8221;4.16&#8243; _module_preset=&#8221;default&#8221; background_image=&#8221;https:\/\/www.legolfclub.com\/wp-content\/uploads\/2021\/08\/global-bg-pattern-light-1.png&#8221; background_size=&#8221;initial&#8221; background_position=&#8221;top_right&#8221; global_colors_info=&#8221;{}&#8221;][et_pb_row _builder_version=&#8221;4.16&#8243; _module_preset=&#8221;default&#8221; global_colors_info=&#8221;{}&#8221;][et_pb_column type=&#8221;4_4&#8243; _builder_version=&#8221;4.16&#8243; _module_preset=&#8221;default&#8221; global_colors_info=&#8221;{}&#8221;][et_pb_text admin_label=&#8221;Mesures sanitaires&#8221; _builder_version=&#8221;4.18.0&#8243; _module_preset=&#8221;default&#8221; header_font_size_tablet=&#8221;&#8221; header_font_size_phone=&#8221;32px&#8221; header_font_size_last_edited=&#8221;on|phone&#8221; global_colors_info=&#8221;{}&#8221;]<\/p>\n<h1>Covid Safety Measures<\/h1>\n<div class=\"entry\">\n<p>&nbsp;<\/p>\n<\/div>\n<p>[\/et_pb_text][et_pb_text disabled_on=&#8221;on|on|on&#8221; admin_label=&#8221;13 janvier 2022&#8243; _builder_version=&#8221;4.16&#8243; _module_preset=&#8221;default&#8221; disabled=&#8221;on&#8221; global_colors_info=&#8221;{}&#8221;]<\/p>\n<div class=\"entry\">\n<p><strong><span style=\"color: #ff0000;\"><span style=\"caret-color: #ff0000;\">Good News!<\/span><\/span><\/strong><\/p>\n<p><strong><span style=\"color: #ff0000;\"><span style=\"caret-color: #ff0000;\">After verifications, indoor golf is allowed with the folloing measures in place :<\/span><\/span><\/strong><\/p>\n<p>&nbsp;<\/p>\n<ul>\n<li>\n<ul>\n<li>Proof of vaccination is required to enter<\/li>\n<li>Wearing a face mask is mandatory all the time<\/li>\n<li>1 player, 2 players or 1 residential bubble per station<\/li>\n<li>No sales of food or breuvage<\/li>\n<li>The ventilation system is in operation to bring air from the outside continuously and replace the ambient air regularly<\/li>\n<li>Our employees wear face masks<\/li>\n<li>Hand washing at the entrance<\/li>\n<li>Hand sanitizing stations position at each golf stations and passing areas<\/li>\n<li>Bring your own golf balls<\/li>\n<li>We provide sanitized tees to each player<\/li>\n<li>The cleaning of all areas in the center have been updated to the current situation<\/li>\n<li>Food &amp; beverages from outside is prohibited (except personal water bottle)<\/li>\n<\/ul>\n<p>Of course, if you have symptoms that resemble those of Covid 19, postpone your visit with us until later and consult with health care providers.<\/li>\n<\/ul>\n<\/div>\n<p>[\/et_pb_text][et_pb_text disabled_on=&#8221;on|on|on&#8221; admin_label=&#8221;12 janvier 2022&#8243; _builder_version=&#8221;4.16&#8243; _module_preset=&#8221;default&#8221; disabled=&#8221;on&#8221; global_colors_info=&#8221;{}&#8221;]<\/p>\n<div class=\"entry\">\n<p><span style=\"color: #ff0000;\">Following the latest Public Health guidelines, all indoor golf centers must now be closed.<\/span><\/p>\n<p>As soon as we have more info, we will make it available.<\/p>\n<\/div>\n<p>[\/et_pb_text][et_pb_text disabled_on=&#8221;on|on|on&#8221; admin_label=&#8221;30 d\u00e9cembre 2021&#8243; _builder_version=&#8221;4.16&#8243; _module_preset=&#8221;default&#8221; disabled=&#8221;on&#8221; global_colors_info=&#8221;{}&#8221;]<\/p>\n<div class=\"entry\">\n<p><span style=\"color: #ff0000;\">Following Public Health announcement of the December 30th, <strong>we are still open<\/strong> with the following modifications starting January 2nd :<\/span><\/p>\n<ul>\n<li><span style=\"color: #ff0000;\">On each of the Simulators, TrackMan stations and Practice Nets, we will accept a maximum of 2 players or 4 players of the same residential bubble.<\/span><\/li>\n<li><span style=\"color: #ff0000;\">The consumption of food and beverages are prohibited.<\/span><\/li>\n<li><span style=\"color: #ff0000;\">We close at 9pm.<\/span><\/li>\n<\/ul>\n<\/div>\n<p>[\/et_pb_text][et_pb_text disabled_on=&#8221;on|on|on&#8221; admin_label=&#8221;Comme vous, nous avons \u00e0 coeur la sant\u00e9 de notre communaut\u00e9&#8230;&#8221; _builder_version=&#8221;4.16&#8243; _module_preset=&#8221;default&#8221; disabled=&#8221;on&#8221; global_colors_info=&#8221;{}&#8221;]<\/p>\n<div class=\"entry\">\n<p>Like you, we care about the health of our community. We have implemented several Covid health measures to welcome you in a safe and pleasant environment for indoor golf.<\/p>\n<p>Here is our plan for the Covid 19 challenge:<\/p>\n<ul>\n<li>Wearing a face mask is mandatory to enter and move inside<\/li>\n<li>The ventilation system is in operation to bring air from the outside continuously and replace the ambient air regularly<\/li>\n<li>Our employees wear face masks<\/li>\n<li>Hand washing at the entrance<\/li>\n<li>Hand sanitizing stations position at each golf stations and passing areas<\/li>\n<li>Bring your own golf balls<\/li>\n<li>We provide sanitized tees to each player<\/li>\n<li>The cleaning of all areas in the center have been updated to the current situation<\/li>\n<li>Food &amp; beverages from outside is prohibited (except personal water bottle)<\/li>\n<\/ul>\n<p>Of course, if you have symptoms that resemble those of Covid 19, postpone your visit with us until later and consult with health care providers.<\/p>\n<\/div>\n<p>[\/et_pb_text][et_pb_text disabled_on=&#8221;off|off|off&#8221; admin_label=&#8221;Mesures 2022-08&#8243; _builder_version=&#8221;4.18.0&#8243; _module_preset=&#8221;default&#8221; global_colors_info=&#8221;{}&#8221;]<\/p>\n<div class=\"entry\">\n<p>Like you, we care about the health of our community. We have implemented several Covid health measures to welcome you in a safe and pleasant environment for indoor golf.<\/p>\n<p>For the Summer and Fall 2022, here the actual measures in place:<\/p>\n<ul>\n<li>Wearing a face mask is not mandatory to enter and move inside but please feel free to wear it if you fell like it.<\/li>\n<li>The ventilation system is in operation to bring air from the outside continuously and replace the ambient air regularly<\/li>\n<li>Hand washing at the entrance<\/li>\n<li>Hand sanitizing stations position at each golf stations and passing areas<\/li>\n<li>Bring your own golf balls<\/li>\n<li>We provide sanitized tees to each new group.<\/li>\n<li>The cleaning of all areas in the center have been updated to the current situation<\/li>\n<li>Food &amp; beverages from outside is prohibited (except personal water bottle)<\/li>\n<\/ul>\n<p>Of course, if you have symptoms that resemble those of Covid 19, postpone your visit with us until later and consult with health care providers.<\/p>\n<\/div>\n<p>[\/et_pb_text][et_pb_text disabled_on=&#8221;off|off|off&#8221; admin_label=&#8221;% de capacit\u00e9 total&#8221; _builder_version=&#8221;4.16&#8243; _module_preset=&#8221;default&#8221; global_colors_info=&#8221;{}&#8221;]<\/p>\n<div class=\"entry\">\n<p>&nbsp;<\/p>\n<p>With the distance between simulators, the vast area, the high ceilings and the HVAC system in place, we do not reach more than 30% (Vaudreuil) and 25% (Montreal) of the normal operating capacity even with 4 players on every golf simulator.<\/p>\n<p>&nbsp;<\/p>\n<\/div>\n<p>[\/et_pb_text][et_pb_text disabled_on=&#8221;on|on|on&#8221; admin_label=&#8221;Mesures suppl\u00e9mentaires&#8221; _builder_version=&#8221;4.16&#8243; _module_preset=&#8221;default&#8221; disabled=&#8221;on&#8221; global_colors_info=&#8221;{}&#8221;]<\/p>\n<div class=\"entry\">\n<p>&nbsp;<\/p>\n<p><span style=\"color: #ff0000;\"><strong>Following the December 216th Public Health announcement, we can&#8217;t hold corporate events for a while.<\/strong><\/span><\/p>\n<p><span style=\"color: #ff0000;\"><strong>Following the December 20th Public Health announcement, we are still open for golf but we can&#8217;t serve alcool.<\/strong><\/span><\/p>\n<p><span style=\"color: #ff0000;\"><strong>Following the December 22nd Public Health announcement, in order to respect the 2 meters distanciation coming back in place in all indoor sport activities in Quebec, we will limit the number of players to 2 per simulator from\u00a0December 26th.<\/strong><\/span><\/p>\n<p>Note: At 2 players per simulator, we don&#8217;t reach 15% (in Vaudreuil) and 6% (in Montreal) of the normally allowed total capacity calculated from the space between simulators, total area footage, ceiling height and HVAC system in place.<\/p>\n<\/div>\n<p>[\/et_pb_text][et_pb_button button_url=&#8221;https:\/\/www.quebec.ca\/sante\/problemes-de-sante\/a-z\/coronavirus-2019\/deroulement-vaccination-contre-la-covid-19\/passeport-de-vaccination-covid-19#c111311&#8243; url_new_window=&#8221;on&#8221; button_text=&#8221;Visit the Government of Quebec website&#8221; button_alignment=&#8221;center&#8221; button_alignment_tablet=&#8221;center&#8221; button_alignment_phone=&#8221;&#8221; button_alignment_last_edited=&#8221;on|phone&#8221; _builder_version=&#8221;4.16&#8243; _module_preset=&#8221;default&#8221; global_colors_info=&#8221;{}&#8221;][\/et_pb_button][et_pb_image src=&#8221;https:\/\/www.legolfclub.com\/wp-content\/uploads\/2020\/09\/Mesures-Sanitaires-Covid-@-Le-Golf-Club.jpg&#8221; alt=&#8221;Mesures Sanitaires Covid @ Le Golf Club&#8221; title_text=&#8221;Mesures Sanitaires Covid @ Le Golf Club&#8221; align=&#8221;center&#8221; _builder_version=&#8221;4.16&#8243; _module_preset=&#8221;default&#8221; global_colors_info=&#8221;{}&#8221;][\/et_pb_image][\/et_pb_column][\/et_pb_row][\/et_pb_section][et_pb_section fb_built=&#8221;1&#8243; admin_label=&#8221;Section CTA&#8221; _builder_version=&#8221;4.16&#8243; _module_preset=&#8221;default&#8221; background_color=&#8221;#D8D8D8&#8243; background_image=&#8221;https:\/\/www.legolfclub.com\/wp-content\/uploads\/2021\/08\/bg-cta.png&#8221; custom_padding=&#8221;0px||0px||false|false&#8221; animation_style=&#8221;zoom&#8221; global_colors_info=&#8221;{}&#8221;][et_pb_row _builder_version=&#8221;4.16&#8243; _module_preset=&#8221;default&#8221; background_color=&#8221;rgba(0,0,0,0.3)&#8221; width=&#8221;100%&#8221; max_width=&#8221;100%&#8221; custom_padding=&#8221;90px|10%|90px|10%|false|false&#8221; global_colors_info=&#8221;{}&#8221;][et_pb_column type=&#8221;4_4&#8243; _builder_version=&#8221;4.16&#8243; _module_preset=&#8221;default&#8221; global_colors_info=&#8221;{}&#8221;][et_pb_text admin_label=&#8221;Chez LE GOLF CLUB, nous offrons&#8230; &#8221; _builder_version=&#8221;4.16&#8243; _module_preset=&#8221;default&#8221; header_text_color=&#8221;#FFFFFF&#8221; header_3_text_align=&#8221;center&#8221; header_3_text_color=&#8221;#FFFFFF&#8221; header_3_font_size=&#8221;24px&#8221; global_colors_info=&#8221;{}&#8221;]<\/p>\n<h3>Want to know more about golf lessons offered by our professional instructors?<\/h3>\n<p>[\/et_pb_text][et_pb_button button_url=&#8221;@ET-DC@eyJkeW5hbWljIjp0cnVlLCJjb250ZW50IjoicG9zdF9saW5rX3VybF9wYWdlIiwic2V0dGluZ3MiOnsicG9zdF9pZCI6IjgwMiJ9fQ==@&#8221; button_text=&#8221;LEARN MORE ABOUT OUR COURSES&#8221; button_alignment=&#8221;center&#8221; admin_label=&#8221;Button CTA&#8221; _builder_version=&#8221;4.16&#8243; _dynamic_attributes=&#8221;button_url&#8221; _module_preset=&#8221;default&#8221; global_colors_info=&#8221;{}&#8221;][\/et_pb_button][\/et_pb_column][\/et_pb_row][\/et_pb_section][et_pb_section fb_built=&#8221;1&#8243; admin_label=&#8221;Section INFOLETTRE&#8221; _builder_version=&#8221;4.16&#8243; _module_preset=&#8221;default&#8221; background_color=&#8221;#F16621&#8243; background_color_gradient_start=&#8221;rgba(71,71,71,0.3)&#8221; background_color_gradient_end=&#8221;rgba(71,71,71,0.3)&#8221; background_image=&#8221;https:\/\/www.legolfclub.com\/wp-content\/uploads\/2022\/01\/newslwtter-bg-1.jpg&#8221; custom_padding=&#8221;|5%||5%|false|false&#8221; collapsed=&#8221;off&#8221; global_colors_info=&#8221;{}&#8221;][et_pb_row _builder_version=&#8221;4.16&#8243; _module_preset=&#8221;default&#8221; background_enable_image=&#8221;off&#8221; width=&#8221;100%&#8221; max_width=&#8221;100%&#8221; min_height=&#8221;100%&#8221; custom_margin=&#8221;0px|0px|0px|0px|false|false&#8221; custom_padding=&#8221;0px|0px|0px|0px|false|false&#8221; global_colors_info=&#8221;{}&#8221;][et_pb_column type=&#8221;4_4&#8243; _builder_version=&#8221;4.16&#8243; _module_preset=&#8221;default&#8221; global_colors_info=&#8221;{}&#8221;][et_pb_text admin_label=&#8221;Infolettre&#8221; module_class=&#8221;title-shadow-effect&#8221; _builder_version=&#8221;4.16&#8243; _module_preset=&#8221;default&#8221; header_text_align=&#8221;center&#8221; header_text_color=&#8221;#FFFFFF&#8221; header_2_font=&#8221;|||on|||||&#8221; header_2_text_align=&#8221;center&#8221; header_2_text_color=&#8221;#FFFFFF&#8221; header_2_font_size=&#8221;40px&#8221; background_image=&#8221;https:\/\/www.legolfclub.com\/wp-content\/uploads\/2022\/01\/Titre-infolettre-en.png&#8221; background_size=&#8221;contain&#8221; global_colors_info=&#8221;{}&#8221;]<\/p>\n<h2>Newsletter<\/h2>\n<p>[\/et_pb_text][et_pb_text admin_label=&#8221;Inscrivez-vous \u00e0 notre infolettre&#8230;&#8221; _builder_version=&#8221;4.16&#8243; _module_preset=&#8221;default&#8221; text_font=&#8221;|300||on|||||&#8221; header_2_font=&#8221;|||on|||||&#8221; header_3_font=&#8221;||||||||&#8221; header_3_text_color=&#8221;#FFFFFF&#8221; use_background_color_gradient=&#8221;on&#8221; background_color_gradient_type=&#8221;circular&#8221; background_color_gradient_stops=&#8221;rgba(71,71,71,0.5) 50%|rgba(71,71,71,0) 100%&#8221; background_color_gradient_start=&#8221;rgba(71,71,71,0.5)&#8221; background_color_gradient_start_position=&#8221;50%&#8221; background_color_gradient_end=&#8221;rgba(71,71,71,0)&#8221; text_orientation=&#8221;center&#8221; background_layout=&#8221;dark&#8221; width=&#8221;60%&#8221; width_tablet=&#8221;100%&#8221; width_phone=&#8221;100%&#8221; width_last_edited=&#8221;on|phone&#8221; module_alignment=&#8221;center&#8221; custom_padding=&#8221;50px||50px||false|false&#8221; background_last_edited=&#8221;on|phone&#8221; use_background_color_gradient_tablet=&#8221;off&#8221; text_text_shadow_style=&#8221;preset3&#8243; global_colors_info=&#8221;{}&#8221;]<\/p>\n<h2>Subscribe to our Newsletter!<\/h2>\n<h3>and stay tuned on all news and promotions<\/h3>\n<p>[\/et_pb_text][et_pb_button button_url=&#8221;http:\/\/eepurl.com\/hee2-z&#8221; url_new_window=&#8221;on&#8221; button_text=&#8221;Subscribe&#8221; button_alignment=&#8221;center&#8221; admin_label=&#8221;Button (light)&#8221; module_class=&#8221;gc-light-btn&#8221; _builder_version=&#8221;4.16&#8243; _module_preset=&#8221;default&#8221; global_colors_info=&#8221;{}&#8221;][\/et_pb_button][\/et_pb_column][\/et_pb_row][\/et_pb_section]<\/p>\n","protected":false},"excerpt":{"rendered":"<p>Covid Safety Measures &nbsp; Good News! After verifications, indoor golf is allowed with the folloing measures in place : &nbsp; Proof of vaccination is required to enter Wearing a face mask is mandatory all the time 1 player, 2 players or 1 residential bubble per station No sales of food or breuvage The ventilation system [&hellip;]<\/p>\n","protected":false},"author":4,"featured_media":9680,"parent":0,"menu_order":25,"comment_status":"closed","ping_status":"closed","template":"","meta":{"_et_pb_use_builder":"on","_et_pb_old_content":"","_et_gb_content_width":"","footnotes":""},"class_list":["post-8366","page","type-page","status-publish","has-post-thumbnail","hentry"],"yoast_head":"<!-- This site is optimized with the Yoast SEO plugin v27.3 - https:\/\/yoast.com\/product\/yoast-seo-wordpress\/ -->\n<title>Covid 19 - Le Golf Club<\/title>\n<meta name=\"robots\" content=\"index, follow, max-snippet:-1, max-image-preview:large, max-video-preview:-1\" \/>\n<link rel=\"canonical\" href=\"https:\/\/www.legolfclub.com\/en\/covid-19\/\" \/>\n<meta property=\"og:locale\" content=\"en_US\" \/>\n<meta property=\"og:type\" content=\"article\" \/>\n<meta property=\"og:title\" content=\"Covid 19 - Le Golf Club\" \/>\n<meta property=\"og:description\" content=\"Covid Safety Measures &nbsp; Good News! After verifications, indoor golf is allowed with the folloing measures in place : &nbsp; Proof of vaccination is required to enter Wearing a face mask is mandatory all the time 1 player, 2 players or 1 residential bubble per station No sales of food or breuvage The ventilation system [&hellip;]\" \/>\n<meta property=\"og:url\" content=\"https:\/\/www.legolfclub.com\/en\/covid-19\/\" \/>\n<meta property=\"og:site_name\" content=\"Le Golf Club\" \/>\n<meta property=\"article:publisher\" content=\"https:\/\/www.facebook.com\/legolfclub\/\" \/>\n<meta property=\"article:modified_time\" content=\"2022-08-24T14:01:24+00:00\" \/>\n<meta property=\"og:image\" content=\"https:\/\/www.legolfclub.com\/wp-content\/uploads\/2021\/12\/PB160015.jpeg\" \/>\n\t<meta property=\"og:image:width\" content=\"1280\" \/>\n\t<meta property=\"og:image:height\" content=\"700\" \/>\n\t<meta property=\"og:image:type\" content=\"image\/jpeg\" \/>\n<meta name=\"twitter:label1\" content=\"Est. reading time\" \/>\n\t<meta name=\"twitter:data1\" content=\"9 minutes\" \/>\n<script type=\"application\/ld+json\" class=\"yoast-schema-graph\">{\"@context\":\"https:\\\/\\\/schema.org\",\"@graph\":[{\"@type\":\"WebPage\",\"@id\":\"https:\\\/\\\/www.legolfclub.com\\\/en\\\/covid-19\\\/\",\"url\":\"https:\\\/\\\/www.legolfclub.com\\\/en\\\/covid-19\\\/\",\"name\":\"Covid 19 - Le Golf Club\",\"isPartOf\":{\"@id\":\"https:\\\/\\\/www.legolfclub.com\\\/en\\\/#website\"},\"primaryImageOfPage\":{\"@id\":\"https:\\\/\\\/www.legolfclub.com\\\/en\\\/covid-19\\\/#primaryimage\"},\"image\":{\"@id\":\"https:\\\/\\\/www.legolfclub.com\\\/en\\\/covid-19\\\/#primaryimage\"},\"thumbnailUrl\":\"https:\\\/\\\/www.legolfclub.com\\\/wp-content\\\/uploads\\\/2021\\\/12\\\/PB160015.jpeg\",\"datePublished\":\"2021-09-07T16:12:47+00:00\",\"dateModified\":\"2022-08-24T14:01:24+00:00\",\"breadcrumb\":{\"@id\":\"https:\\\/\\\/www.legolfclub.com\\\/en\\\/covid-19\\\/#breadcrumb\"},\"inLanguage\":\"en-US\",\"potentialAction\":[{\"@type\":\"ReadAction\",\"target\":[\"https:\\\/\\\/www.legolfclub.com\\\/en\\\/covid-19\\\/\"]}]},{\"@type\":\"ImageObject\",\"inLanguage\":\"en-US\",\"@id\":\"https:\\\/\\\/www.legolfclub.com\\\/en\\\/covid-19\\\/#primaryimage\",\"url\":\"https:\\\/\\\/www.legolfclub.com\\\/wp-content\\\/uploads\\\/2021\\\/12\\\/PB160015.jpeg\",\"contentUrl\":\"https:\\\/\\\/www.legolfclub.com\\\/wp-content\\\/uploads\\\/2021\\\/12\\\/PB160015.jpeg\",\"width\":1280,\"height\":700,\"caption\":\"OLYMPUS DIGITAL CAMERA\"},{\"@type\":\"BreadcrumbList\",\"@id\":\"https:\\\/\\\/www.legolfclub.com\\\/en\\\/covid-19\\\/#breadcrumb\",\"itemListElement\":[{\"@type\":\"ListItem\",\"position\":1,\"name\":\"Home\",\"item\":\"https:\\\/\\\/www.legolfclub.com\\\/en\\\/\"},{\"@type\":\"ListItem\",\"position\":2,\"name\":\"Covid 19\"}]},{\"@type\":\"WebSite\",\"@id\":\"https:\\\/\\\/www.legolfclub.com\\\/en\\\/#website\",\"url\":\"https:\\\/\\\/www.legolfclub.com\\\/en\\\/\",\"name\":\"Le Golf Club\",\"description\":\"Golf int\u00e9rieur sur simulateur\",\"publisher\":{\"@id\":\"https:\\\/\\\/www.legolfclub.com\\\/en\\\/#organization\"},\"potentialAction\":[{\"@type\":\"SearchAction\",\"target\":{\"@type\":\"EntryPoint\",\"urlTemplate\":\"https:\\\/\\\/www.legolfclub.com\\\/en\\\/?s={search_term_string}\"},\"query-input\":{\"@type\":\"PropertyValueSpecification\",\"valueRequired\":true,\"valueName\":\"search_term_string\"}}],\"inLanguage\":\"en-US\"},{\"@type\":\"Organization\",\"@id\":\"https:\\\/\\\/www.legolfclub.com\\\/en\\\/#organization\",\"name\":\"Le Golf Club\",\"url\":\"https:\\\/\\\/www.legolfclub.com\\\/en\\\/\",\"logo\":{\"@type\":\"ImageObject\",\"inLanguage\":\"en-US\",\"@id\":\"https:\\\/\\\/www.legolfclub.com\\\/en\\\/#\\\/schema\\\/logo\\\/image\\\/\",\"url\":\"https:\\\/\\\/www.legolfclub.com\\\/wp-content\\\/uploads\\\/2021\\\/01\\\/logo-retina.png\",\"contentUrl\":\"https:\\\/\\\/www.legolfclub.com\\\/wp-content\\\/uploads\\\/2021\\\/01\\\/logo-retina.png\",\"width\":340,\"height\":43,\"caption\":\"Le Golf Club\"},\"image\":{\"@id\":\"https:\\\/\\\/www.legolfclub.com\\\/en\\\/#\\\/schema\\\/logo\\\/image\\\/\"},\"sameAs\":[\"https:\\\/\\\/www.facebook.com\\\/legolfclub\\\/\",\"https:\\\/\\\/www.instagram.com\\\/legolfclub1\\\/?hl=en\",\"https:\\\/\\\/www.youtube.com\\\/user\\\/MDLevac\"]}]}<\/script>\n<!-- \/ Yoast SEO plugin. -->","yoast_head_json":{"title":"Covid 19 - Le Golf Club","robots":{"index":"index","follow":"follow","max-snippet":"max-snippet:-1","max-image-preview":"max-image-preview:large","max-video-preview":"max-video-preview:-1"},"canonical":"https:\/\/www.legolfclub.com\/en\/covid-19\/","og_locale":"en_US","og_type":"article","og_title":"Covid 19 - Le Golf Club","og_description":"Covid Safety Measures &nbsp; Good News! After verifications, indoor golf is allowed with the folloing measures in place : &nbsp; Proof of vaccination is required to enter Wearing a face mask is mandatory all the time 1 player, 2 players or 1 residential bubble per station No sales of food or breuvage The ventilation system [&hellip;]","og_url":"https:\/\/www.legolfclub.com\/en\/covid-19\/","og_site_name":"Le Golf Club","article_publisher":"https:\/\/www.facebook.com\/legolfclub\/","article_modified_time":"2022-08-24T14:01:24+00:00","og_image":[{"width":1280,"height":700,"url":"https:\/\/www.legolfclub.com\/wp-content\/uploads\/2021\/12\/PB160015.jpeg","type":"image\/jpeg"}],"twitter_misc":{"Est. reading time":"9 minutes"},"schema":{"@context":"https:\/\/schema.org","@graph":[{"@type":"WebPage","@id":"https:\/\/www.legolfclub.com\/en\/covid-19\/","url":"https:\/\/www.legolfclub.com\/en\/covid-19\/","name":"Covid 19 - Le Golf Club","isPartOf":{"@id":"https:\/\/www.legolfclub.com\/en\/#website"},"primaryImageOfPage":{"@id":"https:\/\/www.legolfclub.com\/en\/covid-19\/#primaryimage"},"image":{"@id":"https:\/\/www.legolfclub.com\/en\/covid-19\/#primaryimage"},"thumbnailUrl":"https:\/\/www.legolfclub.com\/wp-content\/uploads\/2021\/12\/PB160015.jpeg","datePublished":"2021-09-07T16:12:47+00:00","dateModified":"2022-08-24T14:01:24+00:00","breadcrumb":{"@id":"https:\/\/www.legolfclub.com\/en\/covid-19\/#breadcrumb"},"inLanguage":"en-US","potentialAction":[{"@type":"ReadAction","target":["https:\/\/www.legolfclub.com\/en\/covid-19\/"]}]},{"@type":"ImageObject","inLanguage":"en-US","@id":"https:\/\/www.legolfclub.com\/en\/covid-19\/#primaryimage","url":"https:\/\/www.legolfclub.com\/wp-content\/uploads\/2021\/12\/PB160015.jpeg","contentUrl":"https:\/\/www.legolfclub.com\/wp-content\/uploads\/2021\/12\/PB160015.jpeg","width":1280,"height":700,"caption":"OLYMPUS DIGITAL CAMERA"},{"@type":"BreadcrumbList","@id":"https:\/\/www.legolfclub.com\/en\/covid-19\/#breadcrumb","itemListElement":[{"@type":"ListItem","position":1,"name":"Home","item":"https:\/\/www.legolfclub.com\/en\/"},{"@type":"ListItem","position":2,"name":"Covid 19"}]},{"@type":"WebSite","@id":"https:\/\/www.legolfclub.com\/en\/#website","url":"https:\/\/www.legolfclub.com\/en\/","name":"Le Golf Club","description":"Golf int\u00e9rieur sur simulateur","publisher":{"@id":"https:\/\/www.legolfclub.com\/en\/#organization"},"potentialAction":[{"@type":"SearchAction","target":{"@type":"EntryPoint","urlTemplate":"https:\/\/www.legolfclub.com\/en\/?s={search_term_string}"},"query-input":{"@type":"PropertyValueSpecification","valueRequired":true,"valueName":"search_term_string"}}],"inLanguage":"en-US"},{"@type":"Organization","@id":"https:\/\/www.legolfclub.com\/en\/#organization","name":"Le Golf Club","url":"https:\/\/www.legolfclub.com\/en\/","logo":{"@type":"ImageObject","inLanguage":"en-US","@id":"https:\/\/www.legolfclub.com\/en\/#\/schema\/logo\/image\/","url":"https:\/\/www.legolfclub.com\/wp-content\/uploads\/2021\/01\/logo-retina.png","contentUrl":"https:\/\/www.legolfclub.com\/wp-content\/uploads\/2021\/01\/logo-retina.png","width":340,"height":43,"caption":"Le Golf Club"},"image":{"@id":"https:\/\/www.legolfclub.com\/en\/#\/schema\/logo\/image\/"},"sameAs":["https:\/\/www.facebook.com\/legolfclub\/","https:\/\/www.instagram.com\/legolfclub1\/?hl=en","https:\/\/www.youtube.com\/user\/MDLevac"]}]}},"_links":{"self":[{"href":"https:\/\/www.legolfclub.com\/en\/wp-json\/wp\/v2\/pages\/8366","targetHints":{"allow":["GET"]}}],"collection":[{"href":"https:\/\/www.legolfclub.com\/en\/wp-json\/wp\/v2\/pages"}],"about":[{"href":"https:\/\/www.legolfclub.com\/en\/wp-json\/wp\/v2\/types\/page"}],"author":[{"embeddable":true,"href":"https:\/\/www.legolfclub.com\/en\/wp-json\/wp\/v2\/users\/4"}],"replies":[{"embeddable":true,"href":"https:\/\/www.legolfclub.com\/en\/wp-json\/wp\/v2\/comments?post=8366"}],"version-history":[{"count":5,"href":"https:\/\/www.legolfclub.com\/en\/wp-json\/wp\/v2\/pages\/8366\/revisions"}],"predecessor-version":[{"id":10453,"href":"https:\/\/www.legolfclub.com\/en\/wp-json\/wp\/v2\/pages\/8366\/revisions\/10453"}],"wp:featuredmedia":[{"embeddable":true,"href":"https:\/\/www.legolfclub.com\/en\/wp-json\/wp\/v2\/media\/9680"}],"wp:attachment":[{"href":"https:\/\/www.legolfclub.com\/en\/wp-json\/wp\/v2\/media?parent=8366"}],"curies":[{"name":"wp","href":"https:\/\/api.w.org\/{rel}","templated":true}]}}