{"id":1672,"date":"2013-07-11T21:30:50","date_gmt":"2013-07-11T20:30:50","guid":{"rendered":"http:\/\/legolfclulb.acxcomdev.com\/?page_id=1672"},"modified":"2025-04-18T16:10:11","modified_gmt":"2025-04-18T20:10:11","slug":"activities","status":"publish","type":"page","link":"https:\/\/www.legolfclub.com\/en\/activities\/","title":{"rendered":"Groups"},"content":{"rendered":"<p>[et_pb_section fb_built=&#8221;1&#8243; admin_label=&#8221;Title Section&#8221; _builder_version=&#8221;4.16&#8243; _module_preset=&#8221;default&#8221; background_color=&#8221;RGBA(0,0,0,0)&#8221; background_image=&#8221;https:\/\/www.legolfclub.com\/wp-content\/uploads\/2021\/08\/groupe-golf.jpg&#8221; custom_padding=&#8221;0px||0px||false|false&#8221; global_colors_info=&#8221;{}&#8221;][et_pb_row column_structure=&#8221;1_2,1_2&#8243; _builder_version=&#8221;4.16&#8243; _module_preset=&#8221;default&#8221; background_color=&#8221;rgba(0,0,0,0.6)&#8221; background_image=&#8221;https:\/\/www.legolfclub.com\/wp-content\/uploads\/2021\/08\/page-header-golf-ball-pattern-1.png&#8221; background_size=&#8221;initial&#8221; background_position=&#8221;bottom_right&#8221; width=&#8221;100%&#8221; max_width=&#8221;100%&#8221; module_alignment=&#8221;center&#8221; custom_padding=&#8221;90px|5%|90px|5%|false|false&#8221; global_colors_info=&#8221;{}&#8221;][et_pb_column type=&#8221;1_2&#8243; _builder_version=&#8221;4.16&#8243; _module_preset=&#8221;default&#8221; global_colors_info=&#8221;{}&#8221;]<\/p>\n<p>[et_pb_post_title meta=&#8221;off&#8221; featured_image=&#8221;off&#8221; text_color=&#8221;light&#8221; _builder_version=&#8221;4.16&#8243; _module_preset=&#8221;default&#8221; text_orientation_tablet=&#8221;&#8221; text_orientation_phone=&#8221;center&#8221; text_orientation_last_edited=&#8221;on|phone&#8221; global_colors_info=&#8221;{}&#8221;][\/et_pb_post_title]<\/p>\n<p>[\/et_pb_column][et_pb_column type=&#8221;1_2&#8243; _builder_version=&#8221;4.16&#8243; _module_preset=&#8221;default&#8221; global_colors_info=&#8221;{}&#8221;][et_pb_button button_url=&#8221;https:\/\/www.legolfclub.com\/en\/contact\/&#8221; button_text=&#8221;PLAN YOUR NEXT GROUP ACTIVITY&#8221; button_alignment=&#8221;right&#8221; button_alignment_tablet=&#8221;&#8221; button_alignment_phone=&#8221;center&#8221; button_alignment_last_edited=&#8221;on|phone&#8221; _builder_version=&#8221;4.17.6&#8243; _module_preset=&#8221;default&#8221; hover_enabled=&#8221;0&#8243; global_colors_info=&#8221;{}&#8221; sticky_enabled=&#8221;0&#8243;][\/et_pb_button][\/et_pb_column][\/et_pb_row][\/et_pb_section][et_pb_section fb_built=&#8221;1&#8243; _builder_version=&#8221;4.16&#8243; background_image=&#8221;https:\/\/www.legolfclub.com\/wp-content\/uploads\/2021\/08\/global-bg-pattern-light-1.png&#8221; background_size=&#8221;initial&#8221; background_position=&#8221;top_right&#8221; global_colors_info=&#8221;{}&#8221;][et_pb_row _builder_version=&#8221;4.16&#8243; background_size=&#8221;initial&#8221; background_position=&#8221;top_left&#8221; background_repeat=&#8221;repeat&#8221; custom_margin=&#8221;30px||||false|false&#8221; global_colors_info=&#8221;{}&#8221;][et_pb_column type=&#8221;4_4&#8243; _builder_version=&#8221;4.16&#8243; custom_padding=&#8221;|||&#8221; global_colors_info=&#8221;{}&#8221; custom_padding__hover=&#8221;|||&#8221;][et_pb_text admin_label=&#8221;POUR UN \u00c9V\u00c9NEMENT CORPORATIF, FAMILIAL OU AMICAL QUI SORT DE L&#8217;ORDINAIRE!&#8221; _builder_version=&#8221;4.27.4&#8243; _module_preset=&#8221;default&#8221; custom_padding=&#8221;||30px||false|false&#8221; global_colors_info=&#8221;{}&#8221;]<\/p>\n<h3><strong>FOR A CORPORATE, FAMILY OR FRIENDLY EVENT THAT IS OUT OF THE ORDINARY!<\/strong><\/h3>\n<p><\/p>\n<ul>\n<li>Are you looking for stimulating activities to combine with corporate presentations in the same place?<\/li>\n<li>Do your telework employees lack motivation and contact with their colleagues?<\/li>\n<li>Do you need a friendly room, easily accessible and allowing you to make projections on several large screens in private, with bar service included?<\/li>\n<li>Are you planning a birthday party and would you like us to give you new ideas?<\/li>\n<\/ul>\n<p><\/p>\n<p>Le Golf Club, in addition to having high quality virtual simulators and other indoor golf activities, offers organizers of events and group activities the possibility of personalizing their space, according to their needs. You can rent a single or multiple play areas, and even one of the two golf centers as a whole!<\/p>\n<p><\/p>\n<p>Our many giant screens can also be used to project videos and documents, to watch films and to play video games. All you have to do is bring your equipment and we will help you install everything!<\/p>\n<p><\/p>\n<p>In addition, our two golf centers are easily accessible (one by highway 520 and the other by highway 20) and have free parking.<\/p>\n<p><\/p>\n<p><strong>Have any of your guests never played golf?<\/strong><\/p>\n<p><\/p>\n<p>Our simulators, among the most recent on the market, make golf more realistic and easier to play! Our competent and attentive employees will be happy to help you. We also offer on request the rental of equipment and the reservation of a golf teacher.<\/p>\n<p>[\/et_pb_text][et_pb_text admin_label=&#8221;PLUSIEURS TYPES D\u2019\u00c9V\u00c9NEMENTS ET D\u2019ACTIVIT\u00c9S SUR PLACE&#8221; _builder_version=&#8221;4.27.4&#8243; _module_preset=&#8221;default&#8221; custom_padding=&#8221;30px||||false|false&#8221; global_colors_info=&#8221;{}&#8221;]<\/p>\n<h3><strong>SEVERAL TYPES OF EVENTS AND ACTIVITIES ON SITE<\/strong><\/h3>\n<p><\/p>\n<p>For inspiration, here are some examples of activities and events that companies, NPOs and various groups of families and friends organize at Le Golf Club:<\/p>\n<p><\/p>\n<ul>\n<li>Team building<\/li>\n<li>Meeting of departments<\/li>\n<li>Training<\/li>\n<li>Christmas party<\/li>\n<li>Retirement party<\/li>\n<li>Networking activity<\/li>\n<li>Cocktail happy hour<\/li>\n<li>Disco golf evening<\/li>\n<li>Birthday and anniversary (children, teenagers and adults)<\/li>\n<li>Bachelor Party<\/li>\n<li>Wedding Shower<\/li>\n<\/ul>\n<p><\/p>\n<p>We can also suggest ideas for activities to do on site, such as mini-golf tournaments, &#8220;Putting&#8221; competitions, fun golf games, etc.<\/p>\n<p>[\/et_pb_text][et_pb_text disabled_on=&#8221;on|on|on&#8221; admin_label=&#8221;Pour un evenement corporatif r\u00e9ussi&#8221; _builder_version=&#8221;4.16&#8243; _module_preset=&#8221;default&#8221; disabled=&#8221;on&#8221; global_colors_info=&#8221;{}&#8221;]<\/p>\n<h3>Make your next corporate event a success<\/h3>\n<p><\/p>\n<ul>\n<li>you have ideas?<\/li>\n<li>Why not multiscreen presentations?<\/li>\n<li>Impress your customers!<\/li>\n<\/ul>\n<p>[\/et_pb_text][et_pb_text disabled_on=&#8221;on|on|on&#8221; admin_label=&#8221;Profitez de nos installations avec 8 projecteurs ind\u00e9pendants de 10&#8242; x14&#8242;&#8221; _builder_version=&#8221;4.16&#8243; _module_preset=&#8221;default&#8221; custom_margin=&#8221;45px||||false|false&#8221; disabled=&#8221;on&#8221; global_colors_info=&#8221;{}&#8221;]<\/p>\n<h3>Use our installations with 8 big screen projectors 10&#8242; x 14&#8242;<\/h3>\n<p><\/p>\n<ul>\n<li>Business presentations<\/li>\n<li>Sales meetings<\/li>\n<li>Team Building activities<\/li>\n<\/ul>\n<p>[\/et_pb_text][et_pb_text disabled_on=&#8221;on|on|on&#8221; admin_label=&#8221;Contactez nous pour un \u00e9v\u00e9nement sur mesure r\u00e9ussi&#8221; _builder_version=&#8221;4.16&#8243; _module_preset=&#8221;default&#8221; custom_margin=&#8221;45px||||false|false&#8221; disabled=&#8221;on&#8221; global_colors_info=&#8221;{}&#8221;]<\/p>\n<h3>Contact us for your next event<\/h3>\n<p><\/p>\n<ul>\n<li>2 locations<\/li>\n<li>Free parking<\/li>\n<li>Accessible to mobility reduced people<\/li>\n<li>Restauration services<\/li>\n<\/ul>\n<p>[\/et_pb_text][et_pb_text disabled_on=&#8221;on|on|on&#8221; admin_label=&#8221;Ev\u00e9n\u00e9ment corporatif et plaisir&#8221; _builder_version=&#8221;4.16&#8243; _module_preset=&#8221;default&#8221; custom_margin=&#8221;45px||||false|false&#8221; disabled=&#8221;on&#8221; global_colors_info=&#8221;{}&#8221;]<\/p>\n<h3>Add Fun to your next corporate event<\/h3>\n<p><\/p>\n<p>We can setup a mini-tournament, contests, team play, &#8230; before, during or after your event.<\/p>\n<p>[\/et_pb_text][\/et_pb_column][\/et_pb_row][et_pb_row column_structure=&#8221;1_4,1_4,1_4,1_4&#8243; _builder_version=&#8221;4.17.6&#8243; _module_preset=&#8221;default&#8221; global_colors_info=&#8221;{}&#8221;][et_pb_column type=&#8221;1_4&#8243; _builder_version=&#8221;4.16&#8243; _module_preset=&#8221;default&#8221; global_colors_info=&#8221;{}&#8221;][et_pb_image src=&#8221;https:\/\/www.legolfclub.com\/wp-content\/uploads\/2022\/07\/20220521_141450-scaled.jpg&#8221; alt=&#8221;Room rental for events @ Le Golf Club&#8221; title_text=&#8221;20220521_141450&#8243; show_in_lightbox=&#8221;on&#8221; _builder_version=&#8221;4.17.6&#8243; _module_preset=&#8221;default&#8221; global_colors_info=&#8221;{}&#8221;][\/et_pb_image][et_pb_image src=&#8221;https:\/\/www.legolfclub.com\/wp-content\/uploads\/2022\/08\/Le-Golf-Club-event-2.jpg&#8221; alt=&#8221;Room rental for events @ Le Golf Club&#8221; title_text=&#8221;Le Golf Club event 2&#8243; show_in_lightbox=&#8221;on&#8221; _builder_version=&#8221;4.18.0&#8243; _module_preset=&#8221;default&#8221; global_colors_info=&#8221;{}&#8221;][\/et_pb_image][\/et_pb_column][et_pb_column type=&#8221;1_4&#8243; _builder_version=&#8221;4.16&#8243; _module_preset=&#8221;default&#8221; global_colors_info=&#8221;{}&#8221;][et_pb_image src=&#8221;https:\/\/www.legolfclub.com\/wp-content\/uploads\/2022\/07\/20220521_125221-scaled.jpg&#8221; alt=&#8221;Room rental for events @ Le Golf Club&#8221; title_text=&#8221;20220521_125221&#8243; show_in_lightbox=&#8221;on&#8221; _builder_version=&#8221;4.17.6&#8243; _module_preset=&#8221;default&#8221; global_colors_info=&#8221;{}&#8221;][\/et_pb_image][et_pb_image src=&#8221;https:\/\/www.legolfclub.com\/wp-content\/uploads\/2022\/08\/Le-Golf-Club-event-4.png&#8221; alt=&#8221;Room rental for events @ Le Golf Club&#8221; title_text=&#8221;Le Golf Club event 4&#8243; show_in_lightbox=&#8221;on&#8221; _builder_version=&#8221;4.18.0&#8243; _module_preset=&#8221;default&#8221; global_colors_info=&#8221;{}&#8221;][\/et_pb_image][\/et_pb_column][et_pb_column type=&#8221;1_4&#8243; _builder_version=&#8221;4.16&#8243; _module_preset=&#8221;default&#8221; global_colors_info=&#8221;{}&#8221;][et_pb_image src=&#8221;https:\/\/www.legolfclub.com\/wp-content\/uploads\/2022\/07\/20220521_122554-scaled.jpg&#8221; alt=&#8221;Room rental for events @ Le Golf Club&#8221; title_text=&#8221;20220521_122554&#8243; show_in_lightbox=&#8221;on&#8221; _builder_version=&#8221;4.17.6&#8243; _module_preset=&#8221;default&#8221; global_colors_info=&#8221;{}&#8221;][\/et_pb_image][et_pb_image src=&#8221;https:\/\/www.legolfclub.com\/wp-content\/uploads\/2022\/08\/Le-Golf-Club-event-3.png&#8221; alt=&#8221;Room rental for events @ Le Golf Club&#8221; title_text=&#8221;Le Golf Club event 3&#8243; show_in_lightbox=&#8221;on&#8221; _builder_version=&#8221;4.18.0&#8243; _module_preset=&#8221;default&#8221; global_colors_info=&#8221;{}&#8221;][\/et_pb_image][\/et_pb_column][et_pb_column type=&#8221;1_4&#8243; _builder_version=&#8221;4.16&#8243; _module_preset=&#8221;default&#8221; global_colors_info=&#8221;{}&#8221;][et_pb_image src=&#8221;https:\/\/www.legolfclub.com\/wp-content\/uploads\/2022\/07\/IMG_1254-scaled.jpeg&#8221; alt=&#8221;Room rental for events @ Le Golf Club&#8221; title_text=&#8221;IMG_1254&#8243; show_in_lightbox=&#8221;on&#8221; _builder_version=&#8221;4.17.6&#8243; _module_preset=&#8221;default&#8221; global_colors_info=&#8221;{}&#8221;][\/et_pb_image][et_pb_image src=&#8221;https:\/\/www.legolfclub.com\/wp-content\/uploads\/2022\/08\/Le-golf-Club-event-5.png&#8221; alt=&#8221;Room rental for events @ Le Golf Club&#8221; title_text=&#8221;Le golf Club event 5&#8243; show_in_lightbox=&#8221;on&#8221; _builder_version=&#8221;4.18.0&#8243; _module_preset=&#8221;default&#8221; global_colors_info=&#8221;{}&#8221;][\/et_pb_image][\/et_pb_column][\/et_pb_row][\/et_pb_section][et_pb_section fb_built=&#8221;1&#8243; admin_label=&#8221;Section CTA&#8221; _builder_version=&#8221;4.16&#8243; _module_preset=&#8221;default&#8221; background_color=&#8221;#D8D8D8&#8243; background_image=&#8221;https:\/\/www.legolfclub.com\/wp-content\/uploads\/2021\/08\/bg-cta.png&#8221; custom_padding=&#8221;0px||0px||false|false&#8221; animation_style=&#8221;zoom&#8221; global_colors_info=&#8221;{}&#8221;][et_pb_row _builder_version=&#8221;4.16&#8243; _module_preset=&#8221;default&#8221; background_color=&#8221;rgba(0,0,0,0.3)&#8221; width=&#8221;100%&#8221; max_width=&#8221;100%&#8221; custom_padding=&#8221;90px|10%|90px|10%|false|false&#8221; global_colors_info=&#8221;{}&#8221;][et_pb_column type=&#8221;4_4&#8243; _builder_version=&#8221;4.16&#8243; _module_preset=&#8221;default&#8221; global_colors_info=&#8221;{}&#8221;][et_pb_text admin_label=&#8221;Conclusion&#8221; _builder_version=&#8221;4.17.6&#8243; _module_preset=&#8221;default&#8221; header_text_color=&#8221;#FFFFFF&#8221; header_3_text_align=&#8221;center&#8221; header_3_text_color=&#8221;#FFFFFF&#8221; header_3_font_size=&#8221;24px&#8221; global_colors_info=&#8221;{}&#8221;]<\/p>\n<h3>Would you like to know more about the many possibilities offered to groups in our two indoor golf centers? We are available to answer your questions and help you choose what suits you best.<\/h3>\n<p>[\/et_pb_text][et_pb_button button_url=&#8221;@ET-DC@eyJkeW5hbWljIjp0cnVlLCJjb250ZW50IjoicG9zdF9saW5rX3VybF9wYWdlIiwic2V0dGluZ3MiOnsicG9zdF9pZCI6IjcyMDIifX0=@&#8221; button_text=&#8221;CONTACT US&#8221; button_alignment=&#8221;center&#8221; admin_label=&#8221;Button CTA&#8221; _builder_version=&#8221;4.16&#8243; _dynamic_attributes=&#8221;button_url&#8221; _module_preset=&#8221;default&#8221; global_colors_info=&#8221;{}&#8221;][\/et_pb_button][\/et_pb_column][\/et_pb_row][\/et_pb_section]<\/p>\n","protected":false},"excerpt":{"rendered":"<p>FOR A CORPORATE, FAMILY OR FRIENDLY EVENT THAT IS OUT OF THE ORDINARY! Are you looking for stimulating activities to combine with corporate presentations in the same place? Do your telework employees lack motivation and contact with their colleagues? Do you need a friendly room, easily accessible and allowing you to make projections on several [&hellip;]<\/p>\n","protected":false},"author":2,"featured_media":0,"parent":0,"menu_order":55,"comment_status":"closed","ping_status":"closed","template":"","meta":{"_et_pb_use_builder":"on","_et_pb_old_content":"","_et_gb_content_width":"","footnotes":""},"class_list":["post-1672","page","type-page","status-publish","hentry"],"yoast_head":"<!-- This site is optimized with the Yoast SEO plugin v27.3 - https:\/\/yoast.com\/product\/yoast-seo-wordpress\/ -->\n<title>Groups - Le Golf Club<\/title>\n<meta name=\"robots\" content=\"index, follow, max-snippet:-1, max-image-preview:large, max-video-preview:-1\" \/>\n<link rel=\"canonical\" href=\"https:\/\/www.legolfclub.com\/en\/activities\/\" \/>\n<meta property=\"og:locale\" content=\"en_US\" \/>\n<meta property=\"og:type\" content=\"article\" \/>\n<meta property=\"og:title\" content=\"Groups - Le Golf Club\" \/>\n<meta property=\"og:description\" content=\"FOR A CORPORATE, FAMILY OR FRIENDLY EVENT THAT IS OUT OF THE ORDINARY! Are you looking for stimulating activities to combine with corporate presentations in the same place? Do your telework employees lack motivation and contact with their colleagues? Do you need a friendly room, easily accessible and allowing you to make projections on several [&hellip;]\" \/>\n<meta property=\"og:url\" content=\"https:\/\/www.legolfclub.com\/en\/activities\/\" \/>\n<meta property=\"og:site_name\" content=\"Le Golf Club\" \/>\n<meta property=\"article:publisher\" content=\"https:\/\/www.facebook.com\/legolfclub\/\" \/>\n<meta property=\"article:modified_time\" content=\"2025-04-18T20:10:11+00:00\" \/>\n<meta property=\"og:image\" content=\"https:\/\/www.legolfclub.com\/wp-content\/uploads\/2013\/10\/golfin-dorion-og-logo.jpg\" \/>\n\t<meta property=\"og:image:width\" content=\"300\" \/>\n\t<meta property=\"og:image:height\" content=\"300\" \/>\n\t<meta property=\"og:image:type\" content=\"image\/jpeg\" \/>\n<meta name=\"twitter:label1\" content=\"Est. reading time\" \/>\n\t<meta name=\"twitter:data1\" content=\"7 minutes\" \/>\n<script type=\"application\/ld+json\" class=\"yoast-schema-graph\">{\"@context\":\"https:\\\/\\\/schema.org\",\"@graph\":[{\"@type\":\"WebPage\",\"@id\":\"https:\\\/\\\/www.legolfclub.com\\\/en\\\/activities\\\/\",\"url\":\"https:\\\/\\\/www.legolfclub.com\\\/en\\\/activities\\\/\",\"name\":\"Groups - Le Golf Club\",\"isPartOf\":{\"@id\":\"https:\\\/\\\/www.legolfclub.com\\\/en\\\/#website\"},\"datePublished\":\"2013-07-11T20:30:50+00:00\",\"dateModified\":\"2025-04-18T20:10:11+00:00\",\"breadcrumb\":{\"@id\":\"https:\\\/\\\/www.legolfclub.com\\\/en\\\/activities\\\/#breadcrumb\"},\"inLanguage\":\"en-US\",\"potentialAction\":[{\"@type\":\"ReadAction\",\"target\":[\"https:\\\/\\\/www.legolfclub.com\\\/en\\\/activities\\\/\"]}]},{\"@type\":\"BreadcrumbList\",\"@id\":\"https:\\\/\\\/www.legolfclub.com\\\/en\\\/activities\\\/#breadcrumb\",\"itemListElement\":[{\"@type\":\"ListItem\",\"position\":1,\"name\":\"Home\",\"item\":\"https:\\\/\\\/www.legolfclub.com\\\/en\\\/\"},{\"@type\":\"ListItem\",\"position\":2,\"name\":\"Groups\"}]},{\"@type\":\"WebSite\",\"@id\":\"https:\\\/\\\/www.legolfclub.com\\\/en\\\/#website\",\"url\":\"https:\\\/\\\/www.legolfclub.com\\\/en\\\/\",\"name\":\"Le Golf Club\",\"description\":\"Golf int\u00e9rieur sur simulateur\",\"publisher\":{\"@id\":\"https:\\\/\\\/www.legolfclub.com\\\/en\\\/#organization\"},\"potentialAction\":[{\"@type\":\"SearchAction\",\"target\":{\"@type\":\"EntryPoint\",\"urlTemplate\":\"https:\\\/\\\/www.legolfclub.com\\\/en\\\/?s={search_term_string}\"},\"query-input\":{\"@type\":\"PropertyValueSpecification\",\"valueRequired\":true,\"valueName\":\"search_term_string\"}}],\"inLanguage\":\"en-US\"},{\"@type\":\"Organization\",\"@id\":\"https:\\\/\\\/www.legolfclub.com\\\/en\\\/#organization\",\"name\":\"Le Golf Club\",\"url\":\"https:\\\/\\\/www.legolfclub.com\\\/en\\\/\",\"logo\":{\"@type\":\"ImageObject\",\"inLanguage\":\"en-US\",\"@id\":\"https:\\\/\\\/www.legolfclub.com\\\/en\\\/#\\\/schema\\\/logo\\\/image\\\/\",\"url\":\"https:\\\/\\\/www.legolfclub.com\\\/wp-content\\\/uploads\\\/2021\\\/01\\\/logo-retina.png\",\"contentUrl\":\"https:\\\/\\\/www.legolfclub.com\\\/wp-content\\\/uploads\\\/2021\\\/01\\\/logo-retina.png\",\"width\":340,\"height\":43,\"caption\":\"Le Golf Club\"},\"image\":{\"@id\":\"https:\\\/\\\/www.legolfclub.com\\\/en\\\/#\\\/schema\\\/logo\\\/image\\\/\"},\"sameAs\":[\"https:\\\/\\\/www.facebook.com\\\/legolfclub\\\/\",\"https:\\\/\\\/www.instagram.com\\\/legolfclub1\\\/?hl=en\",\"https:\\\/\\\/www.youtube.com\\\/user\\\/MDLevac\"]}]}<\/script>\n<!-- \/ Yoast SEO plugin. -->","yoast_head_json":{"title":"Groups - Le Golf Club","robots":{"index":"index","follow":"follow","max-snippet":"max-snippet:-1","max-image-preview":"max-image-preview:large","max-video-preview":"max-video-preview:-1"},"canonical":"https:\/\/www.legolfclub.com\/en\/activities\/","og_locale":"en_US","og_type":"article","og_title":"Groups - Le Golf Club","og_description":"FOR A CORPORATE, FAMILY OR FRIENDLY EVENT THAT IS OUT OF THE ORDINARY! Are you looking for stimulating activities to combine with corporate presentations in the same place? Do your telework employees lack motivation and contact with their colleagues? Do you need a friendly room, easily accessible and allowing you to make projections on several [&hellip;]","og_url":"https:\/\/www.legolfclub.com\/en\/activities\/","og_site_name":"Le Golf Club","article_publisher":"https:\/\/www.facebook.com\/legolfclub\/","article_modified_time":"2025-04-18T20:10:11+00:00","og_image":[{"width":300,"height":300,"url":"https:\/\/www.legolfclub.com\/wp-content\/uploads\/2013\/10\/golfin-dorion-og-logo.jpg","type":"image\/jpeg"}],"twitter_misc":{"Est. reading time":"7 minutes"},"schema":{"@context":"https:\/\/schema.org","@graph":[{"@type":"WebPage","@id":"https:\/\/www.legolfclub.com\/en\/activities\/","url":"https:\/\/www.legolfclub.com\/en\/activities\/","name":"Groups - Le Golf Club","isPartOf":{"@id":"https:\/\/www.legolfclub.com\/en\/#website"},"datePublished":"2013-07-11T20:30:50+00:00","dateModified":"2025-04-18T20:10:11+00:00","breadcrumb":{"@id":"https:\/\/www.legolfclub.com\/en\/activities\/#breadcrumb"},"inLanguage":"en-US","potentialAction":[{"@type":"ReadAction","target":["https:\/\/www.legolfclub.com\/en\/activities\/"]}]},{"@type":"BreadcrumbList","@id":"https:\/\/www.legolfclub.com\/en\/activities\/#breadcrumb","itemListElement":[{"@type":"ListItem","position":1,"name":"Home","item":"https:\/\/www.legolfclub.com\/en\/"},{"@type":"ListItem","position":2,"name":"Groups"}]},{"@type":"WebSite","@id":"https:\/\/www.legolfclub.com\/en\/#website","url":"https:\/\/www.legolfclub.com\/en\/","name":"Le Golf Club","description":"Golf int\u00e9rieur sur simulateur","publisher":{"@id":"https:\/\/www.legolfclub.com\/en\/#organization"},"potentialAction":[{"@type":"SearchAction","target":{"@type":"EntryPoint","urlTemplate":"https:\/\/www.legolfclub.com\/en\/?s={search_term_string}"},"query-input":{"@type":"PropertyValueSpecification","valueRequired":true,"valueName":"search_term_string"}}],"inLanguage":"en-US"},{"@type":"Organization","@id":"https:\/\/www.legolfclub.com\/en\/#organization","name":"Le Golf Club","url":"https:\/\/www.legolfclub.com\/en\/","logo":{"@type":"ImageObject","inLanguage":"en-US","@id":"https:\/\/www.legolfclub.com\/en\/#\/schema\/logo\/image\/","url":"https:\/\/www.legolfclub.com\/wp-content\/uploads\/2021\/01\/logo-retina.png","contentUrl":"https:\/\/www.legolfclub.com\/wp-content\/uploads\/2021\/01\/logo-retina.png","width":340,"height":43,"caption":"Le Golf Club"},"image":{"@id":"https:\/\/www.legolfclub.com\/en\/#\/schema\/logo\/image\/"},"sameAs":["https:\/\/www.facebook.com\/legolfclub\/","https:\/\/www.instagram.com\/legolfclub1\/?hl=en","https:\/\/www.youtube.com\/user\/MDLevac"]}]}},"_links":{"self":[{"href":"https:\/\/www.legolfclub.com\/en\/wp-json\/wp\/v2\/pages\/1672","targetHints":{"allow":["GET"]}}],"collection":[{"href":"https:\/\/www.legolfclub.com\/en\/wp-json\/wp\/v2\/pages"}],"about":[{"href":"https:\/\/www.legolfclub.com\/en\/wp-json\/wp\/v2\/types\/page"}],"author":[{"embeddable":true,"href":"https:\/\/www.legolfclub.com\/en\/wp-json\/wp\/v2\/users\/2"}],"replies":[{"embeddable":true,"href":"https:\/\/www.legolfclub.com\/en\/wp-json\/wp\/v2\/comments?post=1672"}],"version-history":[{"count":5,"href":"https:\/\/www.legolfclub.com\/en\/wp-json\/wp\/v2\/pages\/1672\/revisions"}],"predecessor-version":[{"id":13897,"href":"https:\/\/www.legolfclub.com\/en\/wp-json\/wp\/v2\/pages\/1672\/revisions\/13897"}],"wp:attachment":[{"href":"https:\/\/www.legolfclub.com\/en\/wp-json\/wp\/v2\/media?parent=1672"}],"curies":[{"name":"wp","href":"https:\/\/api.w.org\/{rel}","templated":true}]}}