{"id":13014,"date":"2024-12-12T14:36:56","date_gmt":"2024-12-12T19:36:56","guid":{"rendered":"https:\/\/www.legolfclub.com\/trackman-simulators-montreal\/"},"modified":"2025-11-12T11:41:20","modified_gmt":"2025-11-12T16:41:20","slug":"trackman-simulators","status":"publish","type":"page","link":"https:\/\/www.legolfclub.com\/en\/trackman-simulators\/","title":{"rendered":"Simulators"},"content":{"rendered":"<p>[et_pb_section fb_built=&#8221;1&#8243; disabled_on=&#8221;off|off|off&#8221; admin_label=&#8221;Title Section&#8221; _builder_version=&#8221;4.27.4&#8243; _module_preset=&#8221;default&#8221; background_color=&#8221;RGBA(0,0,0,0)&#8221; background_image=&#8221;https:\/\/www.legolfclub.com\/wp-content\/uploads\/2022\/07\/20220521_141450-scaled.jpg&#8221; background_position=&#8221;top_center&#8221; background_vertical_offset=&#8221;49%&#8221; custom_padding=&#8221;0px||0px||false|false&#8221; global_colors_info=&#8221;{}&#8221;][et_pb_row column_structure=&#8221;2_3,1_3&#8243; _builder_version=&#8221;4.16&#8243; _module_preset=&#8221;default&#8221; background_color=&#8221;rgba(0,0,0,0.6)&#8221; background_image=&#8221;https:\/\/www.legolfclub.com\/wp-content\/uploads\/2021\/08\/page-header-golf-ball-pattern-1.png&#8221; background_size=&#8221;initial&#8221; background_position=&#8221;bottom_right&#8221; width=&#8221;100%&#8221; max_width=&#8221;100%&#8221; module_alignment=&#8221;center&#8221; custom_padding=&#8221;90px|5%|90px|5%|false|false&#8221; global_colors_info=&#8221;{}&#8221;][et_pb_column type=&#8221;2_3&#8243; _builder_version=&#8221;4.16&#8243; _module_preset=&#8221;default&#8221; global_colors_info=&#8221;{}&#8221;][et_pb_post_title meta=&#8221;off&#8221; featured_image=&#8221;off&#8221; text_color=&#8221;light&#8221; _builder_version=&#8221;4.27.4&#8243; _module_preset=&#8221;default&#8221; text_orientation_tablet=&#8221;&#8221; text_orientation_phone=&#8221;center&#8221; text_orientation_last_edited=&#8221;on|phone&#8221; global_colors_info=&#8221;{}&#8221;][\/et_pb_post_title][\/et_pb_column][et_pb_column type=&#8221;1_3&#8243; _builder_version=&#8221;4.16&#8243; _module_preset=&#8221;default&#8221; global_colors_info=&#8221;{}&#8221;][\/et_pb_column][\/et_pb_row][\/et_pb_section][et_pb_section fb_built=&#8221;1&#8243; module_id=&#8221;Putting-green&#8221; _builder_version=&#8221;4.27.4&#8243; _module_preset=&#8221;default&#8221; use_background_color_gradient=&#8221;on&#8221; background_color_gradient_direction=&#8221;90deg&#8221; background_color_gradient_stops=&#8221;rgba(255, 255, 255, 1) 51%|#ffffff 54%|rgba(255,255,255,0) 54%&#8221; background_color_gradient_overlays_image=&#8221;on&#8221; background_image=&#8221;https:\/\/www.legolfclub.com\/wp-content\/uploads\/2024\/11\/trackman.png&#8221; background_size=&#8221;contain&#8221; background_position=&#8221;center_right&#8221; background_last_edited=&#8221;on|tablet&#8221; background_enable_image_tablet=&#8221;off&#8221; collapsed=&#8221;off&#8221; global_colors_info=&#8221;{}&#8221;][et_pb_row column_structure=&#8221;1_2,1_2&#8243; _builder_version=&#8221;4.27.4&#8243; _module_preset=&#8221;default&#8221; global_colors_info=&#8221;{}&#8221;][et_pb_column type=&#8221;1_2&#8243; _builder_version=&#8221;4.16&#8243; _module_preset=&#8221;default&#8221; global_colors_info=&#8221;{}&#8221;][et_pb_text admin_label=&#8221;Trackman : La r\u00e9f\u00e9rence mondiale&#8221; _builder_version=&#8221;4.27.4&#8243; _module_preset=&#8221;default&#8221; header_3_font_size=&#8221;32px&#8221; header_2_font_size_tablet=&#8221;&#8221; header_2_font_size_phone=&#8221;24px&#8221; header_2_font_size_last_edited=&#8221;on|phone&#8221; global_colors_info=&#8221;{}&#8221;]<\/p>\n<h3>Trackman: The Global Standard<\/h3>\n<p><\/p>\n<p>Globally renowned for its unmatched precision, Trackman is the choice of many golf professionals and enthusiasts. At The Golf Club, we use the latest Trackman simulator technologies (Trackman iO and Vg3) to provide you with detailed performance analysis while delivering a stunningly realistic virtual course experience. Whether you\u2019re an experienced player looking to refine your technique or a beginner eager to improve quickly, Trackman will guide you every step of the way.<\/p>\n<p>[\/et_pb_text][\/et_pb_column][et_pb_column type=&#8221;1_2&#8243; _builder_version=&#8221;4.16&#8243; _module_preset=&#8221;default&#8221; global_colors_info=&#8221;{}&#8221;][et_pb_image src=&#8221;https:\/\/www.legolfclub.com\/wp-content\/uploads\/2024\/11\/trackman.png&#8221; title_text=&#8221;trackman&#8221; disabled_on=&#8221;off|off|on&#8221; _builder_version=&#8221;4.27.4&#8243; _module_preset=&#8221;default&#8221; global_colors_info=&#8221;{}&#8221;][\/et_pb_image][\/et_pb_column][\/et_pb_row][\/et_pb_section][et_pb_section fb_built=&#8221;1&#8243; disabled_on=&#8221;off|off|off&#8221; admin_label=&#8221;Section Filets de Pratique&#8221; module_id=&#8221;practice-net&#8221; _builder_version=&#8221;4.16&#8243; _module_preset=&#8221;default&#8221; background_color=&#8221;#d8d8d8&#8243; background_image=&#8221;https:\/\/www.legolfclub.com\/wp-content\/uploads\/2021\/08\/page-header-golf-ball-pattern-1.png&#8221; background_size=&#8221;initial&#8221; background_position=&#8221;bottom_right&#8221; background_blend=&#8221;hard-light&#8221; collapsed=&#8221;off&#8221; global_colors_info=&#8221;{}&#8221;][et_pb_row _builder_version=&#8221;4.16&#8243; _module_preset=&#8221;default&#8221; global_colors_info=&#8221;{}&#8221;][et_pb_column type=&#8221;4_4&#8243; _builder_version=&#8221;4.16&#8243; _module_preset=&#8221;default&#8221; global_colors_info=&#8221;{}&#8221;][et_pb_text admin_label=&#8221;Accessible \u00e0 tous : d\u00e9couvrez les plaisirs du golf virtuel avec Trackman&#8221; _builder_version=&#8221;4.27.4&#8243; _module_preset=&#8221;default&#8221; text_text_color=&#8221;#474747&#8243; header_3_font_size=&#8221;32px&#8221; header_2_font_size_tablet=&#8221;&#8221; header_2_font_size_phone=&#8221;24px&#8221; header_2_font_size_last_edited=&#8221;on|phone&#8221; global_colors_info=&#8221;{}&#8221;]<\/p>\n<h3>Accessible to Everyone: Discover the Joys of Virtual Golf with Trackman<\/h3>\n<p><\/p>\n<p>While our simulators, equipped with Trackman technology, are loved by golf enthusiasts, they also provide an enjoyable experience for beginners and casual players. Virtual golf offers the perfect opportunity to have fun with friends, explore new courses, and improve at your own pace. Among other benefits, our simulators allow you to play in any weather, customize your experience, and receive personalized advice from our professionals.<\/p>\n<p>[\/et_pb_text][\/et_pb_column][\/et_pb_row][\/et_pb_section][et_pb_section fb_built=&#8221;1&#8243; admin_label=&#8221;Section CTA&#8221; _builder_version=&#8221;4.16&#8243; _module_preset=&#8221;default&#8221; background_color=&#8221;#D8D8D8&#8243; background_image=&#8221;https:\/\/www.legolfclub.com\/wp-content\/uploads\/2021\/08\/bg-cta.png&#8221; custom_padding=&#8221;0px||0px||false|false&#8221; animation_style=&#8221;zoom&#8221; global_colors_info=&#8221;{}&#8221;][et_pb_row _builder_version=&#8221;4.16&#8243; _module_preset=&#8221;default&#8221; background_color=&#8221;rgba(0,0,0,0.3)&#8221; width=&#8221;100%&#8221; max_width=&#8221;100%&#8221; custom_padding=&#8221;90px|10%|90px|10%|false|false&#8221; global_colors_info=&#8221;{}&#8221;][et_pb_column type=&#8221;4_4&#8243; _builder_version=&#8221;4.16&#8243; _module_preset=&#8221;default&#8221; global_colors_info=&#8221;{}&#8221;][et_pb_text admin_label=&#8221;Pr\u00e9parez votre prochaine visite&#8221; _builder_version=&#8221;4.27.4&#8243; _module_preset=&#8221;default&#8221; text_text_color=&#8221;#FFFFFF&#8221; header_text_color=&#8221;#FFFFFF&#8221; header_3_text_align=&#8221;center&#8221; header_3_text_color=&#8221;#FFFFFF&#8221; header_3_font_size=&#8221;32px&#8221; text_orientation=&#8221;center&#8221; global_colors_info=&#8221;{}&#8221;]<\/p>\n<h3>Plan Your Next Visit<\/h3>\n<p><\/p>\n<p>Browse the list of over 350 available courses and plan your next game with family or friends.<\/p>\n<p>[\/et_pb_text][et_pb_button button_url=&#8221;https:\/\/www.trackman.com\/golf\/simulator\/courses&#8221; url_new_window=&#8221;on&#8221; button_text=&#8221;350 courses available&#8221; button_alignment=&#8221;center&#8221; admin_label=&#8221;Button &#8211; 350 parcours disponibles &#8221; _builder_version=&#8221;4.27.4&#8243; _module_preset=&#8221;default&#8221; custom_margin=&#8221;30px||||false|false&#8221; global_colors_info=&#8221;{}&#8221;][\/et_pb_button][\/et_pb_column][\/et_pb_row][\/et_pb_section][et_pb_section fb_built=&#8221;1&#8243; disabled_on=&#8221;off|off|off&#8221; module_id=&#8221;champs-de-pratique-virtuel&#8221; _builder_version=&#8221;4.27.4&#8243; _module_preset=&#8221;default&#8221; background_color=&#8221;#FFFFFF&#8221; background_image=&#8221;https:\/\/www.legolfclub.com\/wp-content\/uploads\/2024\/11\/golf-ball-icon.png&#8221; background_size=&#8221;initial&#8221; global_colors_info=&#8221;{}&#8221;][et_pb_row _builder_version=&#8221;4.16&#8243; _module_preset=&#8221;default&#8221; global_colors_info=&#8221;{}&#8221;][et_pb_column type=&#8221;4_4&#8243; _builder_version=&#8221;4.16&#8243; _module_preset=&#8221;default&#8221; global_colors_info=&#8221;{}&#8221;][et_pb_text admin_label=&#8221;La technologie Trackman au service de votre performance&#8221; _builder_version=&#8221;4.27.4&#8243; _module_preset=&#8221;default&#8221; text_text_color=&#8221;#474747&#8243; header_2_font=&#8221;|||on|||||&#8221; header_3_font_size=&#8221;32px&#8221; custom_margin=&#8221;||18px|||&#8221; header_2_font_size_tablet=&#8221;&#8221; header_2_font_size_phone=&#8221;24px&#8221; header_2_font_size_last_edited=&#8221;on|phone&#8221; global_colors_info=&#8221;{}&#8221;]<\/p>\n<h3>Trackman Technology Enhancing Your Performance<\/h3>\n<p><\/p>\n<p>The Trackman iO simulator uses a combination of optical radar, infrared, and high-speed imaging to deliver precise real-time data, providing detailed insights into ball speed, launch angle, spin, and many other parameters.<\/p>\n<p> [\/et_pb_text][\/et_pb_column][\/et_pb_row][et_pb_row column_structure=&#8221;1_2,1_2&#8243; _builder_version=&#8221;4.27.4&#8243; _module_preset=&#8221;default&#8221; background_color=&#8221;#474747&#8243; custom_padding=&#8221;40px|30px|40px|30px|true|true&#8221; border_radii=&#8221;on|20px|20px|20px|20px&#8221; box_shadow_style=&#8221;preset1&#8243; global_colors_info=&#8221;{}&#8221;][et_pb_column type=&#8221;1_2&#8243; _builder_version=&#8221;4.16&#8243; _module_preset=&#8221;default&#8221; global_colors_info=&#8221;{}&#8221;][et_pb_image src=&#8221;https:\/\/www.legolfclub.com\/wp-content\/uploads\/2024\/12\/info_1080x1920_neverlookedbetter_1.jpg&#8221; alt=&#8221;e6 connect driving range @ Le Golf Club&#8221; title_text=&#8221;info_1080x1920_neverlookedbetter_1&#8243; _builder_version=&#8221;4.27.4&#8243; _module_preset=&#8221;default&#8221; border_radii=&#8221;on|5px|5px|5px|5px&#8221; global_colors_info=&#8221;{}&#8221;][\/et_pb_image][\/et_pb_column][et_pb_column type=&#8221;1_2&#8243; _builder_version=&#8221;4.16&#8243; _module_preset=&#8221;default&#8221; global_colors_info=&#8221;{}&#8221;][et_pb_text admin_label=&#8221;Combin\u00e9 avec la toute derni\u00e8re version du logiciel&#8230;&#8221; _builder_version=&#8221;4.27.4&#8243; _module_preset=&#8221;default&#8221; text_text_color=&#8221;#FFFFFF&#8221; header_2_font=&#8221;|||on|||||&#8221; custom_margin=&#8221;||48px|||&#8221; global_colors_info=&#8221;{}&#8221;]<\/p>\n<p>Combined with the latest <em>Trackman Performance Studio<\/em> Software \u2013 <em>Virtual Golf 3, <\/em>our Trackman simulators offer an unparalleled and ultra-realistic indoor golf experience, featuring a wide variety of courses, practice areas, games, and tournaments for all skill levels.<\/p>\n<p><\/p>\n<p>Visit the official Trackman website for more technical details.<\/p>\n<p>[\/et_pb_text][et_pb_button button_url=&#8221;https:\/\/legolfclubmtl.golfoclock.com\/reserve?t=1&#8243; button_text=&#8221;Book Your Trackman Session Now!&#8221; button_alignment=&#8221;center&#8221; admin_label=&#8221;Button &#8211; R\u00e9servez votre s\u00e9ance Trackman d\u00e8s maintenant !&#8221; _builder_version=&#8221;4.27.4&#8243; _module_preset=&#8221;default&#8221; custom_button=&#8221;on&#8221; button_text_size=&#8221;16px&#8221; button_border_radius=&#8221;3px&#8221; button_font=&#8221;|300|||||||&#8221; hover_enabled=&#8221;0&#8243; custom_css_main_element=&#8221;width:100%;&#8221; global_colors_info=&#8221;{}&#8221; url_new_window=&#8221;on&#8221; sticky_enabled=&#8221;0&#8243;][\/et_pb_button][\/et_pb_column][\/et_pb_row][et_pb_row column_structure=&#8221;1_2,1_2&#8243; _builder_version=&#8221;4.27.4&#8243; _module_preset=&#8221;default&#8221; background_color=&#8221;#F16621&#8243; custom_margin=&#8221;60px||||false|false&#8221; custom_padding=&#8221;40px|30px|40px|30px|true|true&#8221; border_radii=&#8221;on|20px|20px|20px|20px&#8221; box_shadow_style=&#8221;preset1&#8243; global_colors_info=&#8221;{}&#8221;][et_pb_column type=&#8221;1_2&#8243; _builder_version=&#8221;4.16&#8243; _module_preset=&#8221;default&#8221; global_colors_info=&#8221;{}&#8221;][et_pb_text admin_label=&#8221;Des jeux stimulant et amusants pour tous&#8221; _builder_version=&#8221;4.27.4&#8243; _module_preset=&#8221;default&#8221; text_text_color=&#8221;#FFFFFF&#8221; header_2_font=&#8221;|||on|||||&#8221; header_4_text_color=&#8221;#FFFFFF&#8221; header_4_font_size=&#8221;32px&#8221; global_colors_info=&#8221;{}&#8221;]<\/p>\n<h4>Challenging and Fun Games for Everyone<\/h4>\n<p><\/p>\n<p>Whether you&#8217;re here to perfect your swing or enjoy a great time with friends, our center offers games for every taste. Compete in contests like &#8220;Precision Target&#8221; and &#8220;Long Drive,&#8221; or try your hand at fun games with moving targets and creatures to hit. Fun and improvement guaranteed!<\/p>\n<p>[\/et_pb_text][\/et_pb_column][et_pb_column type=&#8221;1_2&#8243; _builder_version=&#8221;4.16&#8243; _module_preset=&#8221;default&#8221; global_colors_info=&#8221;{}&#8221;][et_pb_image src=&#8221;https:\/\/www.legolfclub.com\/wp-content\/uploads\/2024\/11\/image-jeux.png&#8221; alt=&#8221;chipping e6 connect @ Le Golf Club&#8221; title_text=&#8221;image-jeux&#8221; _builder_version=&#8221;4.27.4&#8243; _module_preset=&#8221;default&#8221; border_radii=&#8221;on|5px|5px|5px|5px&#8221; global_colors_info=&#8221;{}&#8221;][\/et_pb_image][\/et_pb_column][\/et_pb_row][\/et_pb_section][et_pb_section fb_built=&#8221;1&#8243; _builder_version=&#8221;4.27.4&#8243; _module_preset=&#8221;default&#8221; background_color=&#8221;#D8D8D8&#8243; top_divider_style=&#8221;arrow3&#8243; top_divider_color=&#8221;#FFFFFF&#8221; bottom_divider_style=&#8221;arrow3&#8243; bottom_divider_color=&#8221;#5E5E5E&#8221; global_colors_info=&#8221;{}&#8221;][et_pb_row column_structure=&#8221;2_3,1_3&#8243; _builder_version=&#8221;4.27.4&#8243; _module_preset=&#8221;default&#8221; custom_margin=&#8221;80px|auto|80px|auto||&#8221; global_colors_info=&#8221;{}&#8221;][et_pb_column type=&#8221;2_3&#8243; _builder_version=&#8221;4.27.4&#8243; _module_preset=&#8221;default&#8221; global_colors_info=&#8221;{}&#8221;][et_pb_text admin_label=&#8221;Avez-vous l\u2019Appli TrackMan?&#8221; _builder_version=&#8221;4.27.4&#8243; _module_preset=&#8221;default&#8221; global_colors_info=&#8221;{}&#8221;]<\/p>\n<h3>Do You Have the TrackMan App?<\/h3>\n<p><\/p>\n<ul>\n<li>View your practice and game statistics<\/li>\n<li>Quickly and easily connect to your profile upon arrival at the golf simulator<\/li>\n<li>Pre-set your game settings before arriving on-site<\/li>\n<li>Start building your TrackMan handicap for tournaments and events<\/li>\n<li>Available in multiple languages, including French, English, Chinese, and Japanese<\/li>\n<\/ul>\n<p><\/p>\n<p>Learn more about the TrackMan Golf App on the <a href=\"https:\/\/support.trackmangolf.com\/hc\/en-us\/sections\/7081200430619-Trackman-Golf\" target=\"_blank\" rel=\"noopener\"><u>TrackMan website<\/u><\/a>.<\/p>\n<p>[\/et_pb_text][\/et_pb_column][et_pb_column type=&#8221;1_3&#8243; _builder_version=&#8221;4.27.4&#8243; _module_preset=&#8221;default&#8221; global_colors_info=&#8221;{}&#8221;][et_pb_image src=&#8221;https:\/\/www.legolfclub.com\/wp-content\/uploads\/2024\/12\/Digital-signage-1080x1920_Download-App2-scaled.jpg&#8221; title_text=&#8221;Digital signage 1080x1920_Download App2&#8243; align=&#8221;center&#8221; _builder_version=&#8221;4.27.4&#8243; _module_preset=&#8221;default&#8221; width=&#8221;75%&#8221; global_colors_info=&#8221;{}&#8221;][\/et_pb_image][\/et_pb_column][\/et_pb_row][\/et_pb_section]<\/p>\n","protected":false},"excerpt":{"rendered":"<p>Trackman: The Global StandardGlobally renowned for its unmatched precision, Trackman is the choice of many golf professionals and enthusiasts. At The Golf Club, we use the latest Trackman simulator technologies (Trackman iO and Vg3) to provide you with detailed performance analysis while delivering a stunningly realistic virtual course experience. Whether you\u2019re an experienced player looking [&hellip;]<\/p>\n","protected":false},"author":4,"featured_media":0,"parent":0,"menu_order":0,"comment_status":"closed","ping_status":"closed","template":"","meta":{"_et_pb_use_builder":"on","_et_pb_old_content":"","_et_gb_content_width":"","footnotes":""},"class_list":["post-13014","page","type-page","status-publish","hentry"],"yoast_head":"<!-- This site is optimized with the Yoast SEO plugin v27.5 - https:\/\/yoast.com\/product\/yoast-seo-wordpress\/ -->\n<title>Simulators - Le Golf Club<\/title>\n<meta name=\"robots\" content=\"index, follow, max-snippet:-1, max-image-preview:large, max-video-preview:-1\" \/>\n<link rel=\"canonical\" href=\"https:\/\/www.legolfclub.com\/en\/trackman-simulators\/\" \/>\n<meta property=\"og:locale\" content=\"en_US\" \/>\n<meta property=\"og:type\" content=\"article\" \/>\n<meta property=\"og:title\" content=\"Simulators - Le Golf Club\" \/>\n<meta property=\"og:description\" content=\"Trackman: The Global StandardGlobally renowned for its unmatched precision, Trackman is the choice of many golf professionals and enthusiasts. At The Golf Club, we use the latest Trackman simulator technologies (Trackman iO and Vg3) to provide you with detailed performance analysis while delivering a stunningly realistic virtual course experience. Whether you\u2019re an experienced player looking [&hellip;]\" \/>\n<meta property=\"og:url\" content=\"https:\/\/www.legolfclub.com\/en\/trackman-simulators\/\" \/>\n<meta property=\"og:site_name\" content=\"Le Golf Club\" \/>\n<meta property=\"article:publisher\" content=\"https:\/\/www.facebook.com\/legolfclub\/\" \/>\n<meta property=\"article:modified_time\" content=\"2025-11-12T16:41:20+00:00\" \/>\n<meta property=\"og:image\" content=\"https:\/\/www.legolfclub.com\/wp-content\/uploads\/2013\/10\/golfin-dorion-og-logo.jpg\" \/>\n\t<meta property=\"og:image:width\" content=\"300\" \/>\n\t<meta property=\"og:image:height\" content=\"300\" \/>\n\t<meta property=\"og:image:type\" content=\"image\/jpeg\" \/>\n<meta name=\"twitter:label1\" content=\"Est. reading time\" \/>\n\t<meta name=\"twitter:data1\" content=\"8 minutes\" \/>\n<script type=\"application\/ld+json\" class=\"yoast-schema-graph\">{\"@context\":\"https:\\\/\\\/schema.org\",\"@graph\":[{\"@type\":\"WebPage\",\"@id\":\"https:\\\/\\\/www.legolfclub.com\\\/en\\\/trackman-simulators\\\/\",\"url\":\"https:\\\/\\\/www.legolfclub.com\\\/en\\\/trackman-simulators\\\/\",\"name\":\"Simulators - Le Golf Club\",\"isPartOf\":{\"@id\":\"https:\\\/\\\/www.legolfclub.com\\\/en\\\/#website\"},\"datePublished\":\"2024-12-12T19:36:56+00:00\",\"dateModified\":\"2025-11-12T16:41:20+00:00\",\"breadcrumb\":{\"@id\":\"https:\\\/\\\/www.legolfclub.com\\\/en\\\/trackman-simulators\\\/#breadcrumb\"},\"inLanguage\":\"en-US\",\"potentialAction\":[{\"@type\":\"ReadAction\",\"target\":[\"https:\\\/\\\/www.legolfclub.com\\\/en\\\/trackman-simulators\\\/\"]}]},{\"@type\":\"BreadcrumbList\",\"@id\":\"https:\\\/\\\/www.legolfclub.com\\\/en\\\/trackman-simulators\\\/#breadcrumb\",\"itemListElement\":[{\"@type\":\"ListItem\",\"position\":1,\"name\":\"Home\",\"item\":\"https:\\\/\\\/www.legolfclub.com\\\/en\\\/\"},{\"@type\":\"ListItem\",\"position\":2,\"name\":\"Simulators\"}]},{\"@type\":\"WebSite\",\"@id\":\"https:\\\/\\\/www.legolfclub.com\\\/en\\\/#website\",\"url\":\"https:\\\/\\\/www.legolfclub.com\\\/en\\\/\",\"name\":\"Le Golf Club\",\"description\":\"Golf int\u00e9rieur sur simulateur\",\"publisher\":{\"@id\":\"https:\\\/\\\/www.legolfclub.com\\\/en\\\/#organization\"},\"potentialAction\":[{\"@type\":\"SearchAction\",\"target\":{\"@type\":\"EntryPoint\",\"urlTemplate\":\"https:\\\/\\\/www.legolfclub.com\\\/en\\\/?s={search_term_string}\"},\"query-input\":{\"@type\":\"PropertyValueSpecification\",\"valueRequired\":true,\"valueName\":\"search_term_string\"}}],\"inLanguage\":\"en-US\"},{\"@type\":\"Organization\",\"@id\":\"https:\\\/\\\/www.legolfclub.com\\\/en\\\/#organization\",\"name\":\"Le Golf Club\",\"url\":\"https:\\\/\\\/www.legolfclub.com\\\/en\\\/\",\"logo\":{\"@type\":\"ImageObject\",\"inLanguage\":\"en-US\",\"@id\":\"https:\\\/\\\/www.legolfclub.com\\\/en\\\/#\\\/schema\\\/logo\\\/image\\\/\",\"url\":\"https:\\\/\\\/www.legolfclub.com\\\/wp-content\\\/uploads\\\/2021\\\/01\\\/logo-retina.png\",\"contentUrl\":\"https:\\\/\\\/www.legolfclub.com\\\/wp-content\\\/uploads\\\/2021\\\/01\\\/logo-retina.png\",\"width\":340,\"height\":43,\"caption\":\"Le Golf Club\"},\"image\":{\"@id\":\"https:\\\/\\\/www.legolfclub.com\\\/en\\\/#\\\/schema\\\/logo\\\/image\\\/\"},\"sameAs\":[\"https:\\\/\\\/www.facebook.com\\\/legolfclub\\\/\",\"https:\\\/\\\/www.instagram.com\\\/legolfclub1\\\/?hl=en\",\"https:\\\/\\\/www.youtube.com\\\/user\\\/MDLevac\"]}]}<\/script>\n<!-- \/ Yoast SEO plugin. -->","yoast_head_json":{"title":"Simulators - Le Golf Club","robots":{"index":"index","follow":"follow","max-snippet":"max-snippet:-1","max-image-preview":"max-image-preview:large","max-video-preview":"max-video-preview:-1"},"canonical":"https:\/\/www.legolfclub.com\/en\/trackman-simulators\/","og_locale":"en_US","og_type":"article","og_title":"Simulators - Le Golf Club","og_description":"Trackman: The Global StandardGlobally renowned for its unmatched precision, Trackman is the choice of many golf professionals and enthusiasts. At The Golf Club, we use the latest Trackman simulator technologies (Trackman iO and Vg3) to provide you with detailed performance analysis while delivering a stunningly realistic virtual course experience. Whether you\u2019re an experienced player looking [&hellip;]","og_url":"https:\/\/www.legolfclub.com\/en\/trackman-simulators\/","og_site_name":"Le Golf Club","article_publisher":"https:\/\/www.facebook.com\/legolfclub\/","article_modified_time":"2025-11-12T16:41:20+00:00","og_image":[{"width":300,"height":300,"url":"https:\/\/www.legolfclub.com\/wp-content\/uploads\/2013\/10\/golfin-dorion-og-logo.jpg","type":"image\/jpeg"}],"twitter_misc":{"Est. reading time":"8 minutes"},"schema":{"@context":"https:\/\/schema.org","@graph":[{"@type":"WebPage","@id":"https:\/\/www.legolfclub.com\/en\/trackman-simulators\/","url":"https:\/\/www.legolfclub.com\/en\/trackman-simulators\/","name":"Simulators - Le Golf Club","isPartOf":{"@id":"https:\/\/www.legolfclub.com\/en\/#website"},"datePublished":"2024-12-12T19:36:56+00:00","dateModified":"2025-11-12T16:41:20+00:00","breadcrumb":{"@id":"https:\/\/www.legolfclub.com\/en\/trackman-simulators\/#breadcrumb"},"inLanguage":"en-US","potentialAction":[{"@type":"ReadAction","target":["https:\/\/www.legolfclub.com\/en\/trackman-simulators\/"]}]},{"@type":"BreadcrumbList","@id":"https:\/\/www.legolfclub.com\/en\/trackman-simulators\/#breadcrumb","itemListElement":[{"@type":"ListItem","position":1,"name":"Home","item":"https:\/\/www.legolfclub.com\/en\/"},{"@type":"ListItem","position":2,"name":"Simulators"}]},{"@type":"WebSite","@id":"https:\/\/www.legolfclub.com\/en\/#website","url":"https:\/\/www.legolfclub.com\/en\/","name":"Le Golf Club","description":"Golf int\u00e9rieur sur simulateur","publisher":{"@id":"https:\/\/www.legolfclub.com\/en\/#organization"},"potentialAction":[{"@type":"SearchAction","target":{"@type":"EntryPoint","urlTemplate":"https:\/\/www.legolfclub.com\/en\/?s={search_term_string}"},"query-input":{"@type":"PropertyValueSpecification","valueRequired":true,"valueName":"search_term_string"}}],"inLanguage":"en-US"},{"@type":"Organization","@id":"https:\/\/www.legolfclub.com\/en\/#organization","name":"Le Golf Club","url":"https:\/\/www.legolfclub.com\/en\/","logo":{"@type":"ImageObject","inLanguage":"en-US","@id":"https:\/\/www.legolfclub.com\/en\/#\/schema\/logo\/image\/","url":"https:\/\/www.legolfclub.com\/wp-content\/uploads\/2021\/01\/logo-retina.png","contentUrl":"https:\/\/www.legolfclub.com\/wp-content\/uploads\/2021\/01\/logo-retina.png","width":340,"height":43,"caption":"Le Golf Club"},"image":{"@id":"https:\/\/www.legolfclub.com\/en\/#\/schema\/logo\/image\/"},"sameAs":["https:\/\/www.facebook.com\/legolfclub\/","https:\/\/www.instagram.com\/legolfclub1\/?hl=en","https:\/\/www.youtube.com\/user\/MDLevac"]}]}},"_links":{"self":[{"href":"https:\/\/www.legolfclub.com\/en\/wp-json\/wp\/v2\/pages\/13014","targetHints":{"allow":["GET"]}}],"collection":[{"href":"https:\/\/www.legolfclub.com\/en\/wp-json\/wp\/v2\/pages"}],"about":[{"href":"https:\/\/www.legolfclub.com\/en\/wp-json\/wp\/v2\/types\/page"}],"author":[{"embeddable":true,"href":"https:\/\/www.legolfclub.com\/en\/wp-json\/wp\/v2\/users\/4"}],"replies":[{"embeddable":true,"href":"https:\/\/www.legolfclub.com\/en\/wp-json\/wp\/v2\/comments?post=13014"}],"version-history":[{"count":5,"href":"https:\/\/www.legolfclub.com\/en\/wp-json\/wp\/v2\/pages\/13014\/revisions"}],"predecessor-version":[{"id":14183,"href":"https:\/\/www.legolfclub.com\/en\/wp-json\/wp\/v2\/pages\/13014\/revisions\/14183"}],"wp:attachment":[{"href":"https:\/\/www.legolfclub.com\/en\/wp-json\/wp\/v2\/media?parent=13014"}],"curies":[{"name":"wp","href":"https:\/\/api.w.org\/{rel}","templated":true}]}}